{"id":648,"date":"2018-09-28T17:09:32","date_gmt":"2018-09-28T21:09:32","guid":{"rendered":"http:\/\/alfredboivin.com\/wordpress\/?page_id=648"},"modified":"2024-03-13T15:08:36","modified_gmt":"2024-03-13T19:08:36","slug":"648-2","status":"publish","type":"page","link":"https:\/\/www.alfredboivin.com\/wordpress\/index.php\/648-2\/","title":{"rendered":"Contact iib"},"content":{"rendered":"<div class=\"flex_column av_one_full  flex_column_div av-zero-column-padding first  \" style='border-radius:0px; '><p><div style='padding-bottom:0px; ' class='av-special-heading av-special-heading-h2  blockquote modern-quote modern-centered  '><h2 class='av-special-heading-tag '  itemprop=\"headline\"  >INNOVATION INDUSTRIELLE BOIVIN<\/h2><div class='special-heading-border'><div class='special-heading-inner-border' ><\/div><\/div><\/div><br \/>\n<div style=' margin-top:5px; margin-bottom:35px;'  class='hr hr-custom hr-center hr-icon-no  '><span class='hr-inner   inner-border-av-border-fat' style=' width:50px; border-color:#af0000;' ><span class='hr-inner-style'><\/span><\/span><\/div><br \/>\n<section class=\"av_textblock_section \"  itemscope=\"itemscope\" itemtype=\"https:\/\/schema.org\/CreativeWork\" ><div class='avia_textblock  '   itemprop=\"text\" ><noscript class=\"ninja-forms-noscript-message\">\n\tRemarque\u00a0: JavaScript est requis pour ce contenu.<\/noscript>\n<div id=\"nf-form-16-cont\" class=\"nf-form-cont\" aria-live=\"polite\" aria-labelledby=\"nf-form-title-16\" aria-describedby=\"nf-form-errors-16\" role=\"form\">\n\n    <div class=\"nf-loading-spinner\"><\/div>\n\n<\/div>\n        <!-- That data is being printed as a workaround to page builders reordering the order of the scripts loaded-->\n        <script>var formDisplay=1;var nfForms=nfForms||[];var form=[];form.id='16';form.settings={\"objectType\":\"Form Setting\",\"editActive\":true,\"title\":\"Contacter Innovation industrielle Boivin\",\"created_at\":\"2024-03-13 14:52:47\",\"default_label_pos\":\"above\",\"show_title\":\"1\",\"clear_complete\":\"1\",\"hide_complete\":\"1\",\"logged_in\":\"0\",\"success-msg_styles_border-color\":\"\",\"success-msg_styles_border\":\"\",\"row-odd_styles_show_advanced_css\":\"0\",\"row-odd_styles_display\":\"\",\"row-odd_styles_padding\":\"\",\"row-odd_styles_margin\":\"\",\"row-odd_styles_font-size\":\"\",\"row-odd_styles_width\":\"\",\"row-odd_styles_height\":\"\",\"row-odd_styles_color\":\"\",\"row_styles_margin\":\"\",\"row_styles_font-size\":\"\",\"row_styles_border-color\":\"\",\"row_styles_border-style\":\"\",\"row_styles_border\":\"\",\"title_styles_advanced\":\"\",\"row_styles_background-color\":\"\",\"title_styles_show_advanced_css\":\"0\",\"success-msg_styles_width\":\"\",\"success-msg_styles_height\":\"\",\"success-msg_styles_margin\":\"\",\"error_msg_styles_background-color\":\"\",\"error_msg_styles_border\":\"\",\"unique_field_error\":\"Un formulaire avec cette valeur a d\\u00e9j\\u00e0 \\u00e9t\\u00e9 envoy\\u00e9.\",\"currency\":\"\",\"form_title_heading_level\":\"3\",\"error_msg_styles_advanced\":\"\",\"row_styles_width\":\"\",\"row_styles_height\":\"\",\"row_styles_padding\":\"\",\"row_styles_color\":\"\",\"row_styles_display\":\"\",\"row_styles_show_advanced_css\":\"0\",\"row_styles_advanced\":\"\",\"row-odd_styles_background-color\":\"\",\"row-odd_styles_border\":\"\",\"row-odd_styles_border-style\":\"\",\"row-odd_styles_border-color\":\"\",\"row-odd_styles_advanced\":\"\",\"success-msg_styles_background-color\":\"\",\"success-msg_styles_border-style\":\"\",\"success-msg_styles_color\":\"\",\"success-msg_styles_font-size\":\"\",\"success-msg_styles_display\":\"\",\"success-msg_styles_padding\":\"\",\"success-msg_styles_show_advanced_css\":\"0\",\"success-msg_styles_advanced\":\"\",\"error_msg_styles_border-style\":\"\",\"error_msg_styles_border-color\":\"\",\"error_msg_styles_color\":\"\",\"error_msg_styles_height\":\"\",\"error_msg_styles_width\":\"\",\"error_msg_styles_font-size\":\"\",\"error_msg_styles_margin\":\"\",\"error_msg_styles_padding\":\"\",\"error_msg_styles_display\":\"\",\"drawerDisabled\":false,\"error_msg_styles_show_advanced_css\":\"0\",\"honeypotHoneypotError\":\"Erreur Honeypot\",\"fieldsMarkedRequired\":\"Les champs marqu\\u00e9s d\\u2019un <span class=\\\"ninja-forms-req-symbol\\\">*<\\\/span> sont obligatoires\",\"validateRequiredField\":\"Ce champ est obligatoire.\",\"formErrorsCorrectErrors\":\"Veuillez corriger les erreurs avant d\\u2019envoyer ce formulaire.\",\"fieldNumberIncrementBy\":\"Veuillez incr\\u00e9menter par \",\"fieldNumberNumMaxError\":\"Erreur de nombre max.\",\"fieldNumberNumMinError\":\"Erreur de nombre min.\",\"confirmFieldErrorMsg\":\"Ces champs doivent correspondre\\u00a0!\",\"changeDateErrorMsg\":\"Veuillez saisir une date valide\\u00a0!\",\"changeEmailErrorMsg\":\"Veuillez saisir une adresse de messagerie valide. Ex\\u00a0: jean.dupont@gmail.com\",\"key\":\"\",\"conditions\":[],\"wrapper_class\":\"\",\"element_class\":\"\",\"add_submit\":\"1\",\"sub_limit_number\":\"\",\"not_logged_in_msg\":\"\",\"sub_limit_msg\":\"\",\"calculations\":[],\"formContentData\":[{\"order\":1,\"cells\":[{\"order\":0,\"fields\":[\"firstname_1710355250966\"],\"width\":50},{\"order\":1,\"fields\":[\"nom_1710355246530\"],\"width\":50}]},{\"order\":3,\"cells\":[{\"order\":0,\"fields\":[\"adresse_courriel_1710355344679\"],\"width\":\"100\"}]},{\"order\":4,\"cells\":[{\"order\":0,\"fields\":[\"message\"],\"width\":\"100\"}]},{\"order\":5,\"cells\":[{\"order\":0,\"fields\":[\"recaptcha_1710355225760\"],\"width\":\"100\"}]},{\"order\":6,\"cells\":[{\"order\":0,\"fields\":[\"submit_1710355220065\"],\"width\":\"100\"}]}],\"container_styles_background-color\":\"\",\"title_styles_background-color\":\"\",\"container_styles_border\":\"\",\"container_styles_advanced\":\"\",\"container_styles_float\":\"\",\"container_styles_display\":\"\",\"container_styles_padding\":\"\",\"container_styles_font-size\":\"\",\"container_styles_width\":\"\",\"container_styles_color\":\"\",\"container_styles_border-style\":\"\",\"title_styles_border-style\":\"\",\"title_styles_color\":\"\",\"title_styles_float\":\"\",\"title_styles_display\":\"\",\"title_styles_padding\":\"\",\"title_styles_margin\":\"\",\"title_styles_font-size\":\"\",\"title_styles_width\":\"\",\"container_styles_show_advanced_css\":\"0\",\"container_styles_margin\":\"\",\"container_styles_height\":\"\",\"container_styles_border-color\":\"\",\"title_styles_border\":\"\",\"title_styles_border-color\":\"\",\"title_styles_height\":\"\",\"allow_public_link\":0,\"embed_form\":\"\",\"ninjaForms\":\"Ninja Forms\",\"fieldTextareaRTEInsertLink\":\"Ins\\u00e9rer un lien\",\"fieldTextareaRTEInsertMedia\":\"Ins\\u00e9rer un m\\u00e9dia\",\"fieldTextareaRTESelectAFile\":\"S\\u00e9lectionnez un fichier\",\"formHoneypot\":\"Si vous \\u00eates un \\u00eatre humain et que vous voyez ce champ, veuillez le laisser vide.\",\"fileUploadOldCodeFileUploadInProgress\":\"T\\u00e9l\\u00e9versement du fichier en cours.\",\"fileUploadOldCodeFileUpload\":\"T\\u00c9L\\u00c9VERSEMENT DE FICHIER\",\"currencySymbol\":\"&#36;\",\"thousands_sep\":\"\\u00a0\",\"decimal_point\":\",\",\"siteLocale\":\"fr_FR\",\"dateFormat\":\"m\\\/d\\\/Y\",\"startOfWeek\":\"0\",\"of\":\"sur\",\"previousMonth\":\"Mois pr\\u00e9c\\u00e9dent\",\"nextMonth\":\"Mois suivant\",\"months\":[\"Janvier\",\"F\\u00e9vrier\",\"Mars\",\"Avril\",\"Mai\",\"Juin\",\"Juillet\",\"Ao\\u00fbt\",\"Septembre\",\"Octobre\",\"Novembre\",\"D\\u00e9cembre\"],\"monthsShort\":[\"Jan\",\"F\\u00e9v\",\"Mar\",\"Avr\",\"Mai\",\"Juin\",\"Juil\",\"Ao\\u00fb\",\"Sep\",\"Oct\",\"Nov\",\"D\\u00e9c\"],\"weekdays\":[\"Dimanche\",\"Lundi\",\"Mardi\",\"Mercredi\",\"Jeudi\",\"Vendredi\",\"Samedi\"],\"weekdaysShort\":[\"Dim\",\"Lun\",\"Mar\",\"Mer\",\"Jeu\",\"Ven\",\"Sam\"],\"weekdaysMin\":[\"Di\",\"Lu\",\"Ma\",\"Me\",\"Je\",\"Ve\",\"Sa\"],\"recaptchaConsentMissing\":\"reCaptcha validation couldn&#039;t load.\",\"recaptchaMissingCookie\":\"reCaptcha v3 validation couldn&#039;t load the cookie needed to submit the form.\",\"recaptchaConsentEvent\":\"Accept reCaptcha cookies before sending the form.\",\"currency_symbol\":\"\",\"beforeForm\":\"\",\"beforeFields\":\"\",\"afterFields\":\"\",\"afterForm\":\"\"};form.fields=[{\"objectType\":\"Field\",\"objectDomain\":\"fields\",\"editActive\":false,\"order\":1,\"idAttribute\":\"id\",\"type\":\"firstname\",\"label\":\"Pr\\u00e9nom\",\"key\":\"firstname_1710355250966\",\"label_pos\":\"above\",\"required\":\"\",\"default\":\"\",\"placeholder\":\"\",\"container_class\":\"\",\"element_class\":\"\",\"admin_label\":\"\",\"help_text\":\"\",\"custom_name_attribute\":\"fname\",\"personally_identifiable\":1,\"wrap_styles_border\":\"\",\"wrap_styles_width\":\"\",\"wrap_styles_margin\":\"\",\"wrap_styles_padding\":\"\",\"wrap_styles_float\":\"\",\"wrap_styles_show_advanced_css\":0,\"label_styles_border\":\"\",\"label_styles_width\":\"\",\"label_styles_font-size\":\"\",\"label_styles_margin\":\"\",\"label_styles_padding\":\"\",\"label_styles_float\":\"\",\"label_styles_show_advanced_css\":0,\"element_styles_border\":\"\",\"element_styles_width\":\"\",\"element_styles_font-size\":\"\",\"element_styles_margin\":\"\",\"element_styles_padding\":\"\",\"element_styles_float\":\"\",\"element_styles_show_advanced_css\":0,\"cellcid\":\"c3613\",\"value\":\"\",\"drawerDisabled\":\"\",\"field_label\":\"Pr\\u00e9nom\",\"field_key\":\"firstname_1710355250966\",\"id\":126,\"beforeField\":\"\",\"afterField\":\"\",\"parentType\":\"firstname\",\"element_templates\":[\"firstname\",\"input\"],\"old_classname\":\"\",\"wrap_template\":\"wrap\"},{\"objectType\":\"Field\",\"objectDomain\":\"fields\",\"editActive\":false,\"order\":2,\"idAttribute\":\"id\",\"custom_mask\":\"\",\"mask\":\"\",\"disable_browser_autocomplete\":\"\",\"desc_text\":\"\",\"help_text\":\"\",\"input_limit_type\":\"characters\",\"input_limit\":\"\",\"container_class\":\"\",\"element_class\":\"\",\"wrapper_class\":\"\",\"default\":\"\",\"placeholder\":\"\",\"required\":1,\"label_pos\":\"above\",\"created_at\":\"2016-08-24 16:39:20\",\"type\":\"textbox\",\"key\":\"nom_1710355246530\",\"label\":\"Nom\",\"element_styles_advanced\":\"\",\"element_styles_show_advanced_css\":0,\"element_styles_float\":\"\",\"admin_label\":\"\",\"disable_input\":\"\",\"manual_key\":\"\",\"input_limit_msg\":\"Character(s) left\",\"wrap_styles_background-color\":\"\",\"wrap_styles_border\":\"\",\"wrap_styles_border-color\":\"\",\"wrap_styles_border-style\":\"\",\"wrap_styles_height\":\"\",\"wrap_styles_color\":\"\",\"wrap_styles_width\":\"\",\"wrap_styles_font-size\":\"\",\"wrap_styles_margin\":\"\",\"wrap_styles_padding\":\"\",\"wrap_styles_float\":\"\",\"wrap_styles_display\":\"\",\"wrap_styles_show_advanced_css\":0,\"wrap_styles_advanced\":\"\",\"label_styles_border\":\"\",\"label_styles_background-color\":\"\",\"label_styles_border-style\":\"\",\"label_styles_color\":\"\",\"label_styles_border-color\":\"\",\"label_styles_height\":\"\",\"label_styles_width\":\"\",\"label_styles_font-size\":\"\",\"label_styles_padding\":\"\",\"label_styles_margin\":\"\",\"label_styles_display\":\"\",\"label_styles_float\":\"\",\"label_styles_show_advanced_css\":0,\"label_styles_advanced\":\"\",\"element_styles_background-color\":\"\",\"element_styles_border\":\"\",\"element_styles_border-color\":\"\",\"element_styles_border-style\":\"\",\"element_styles_color\":\"\",\"element_styles_font-size\":\"\",\"element_styles_width\":\"\",\"element_styles_height\":\"\",\"element_styles_padding\":\"\",\"element_styles_margin\":\"\",\"cellcid\":\"c3616\",\"element_styles_display\":\"\",\"value\":\"\",\"custom_name_attribute\":\"\",\"personally_identifiable\":\"\",\"field_key\":\"nom_1710355246530\",\"field_label\":\"Nom\",\"id\":122,\"beforeField\":\"\",\"afterField\":\"\",\"parentType\":\"textbox\",\"element_templates\":[\"textbox\",\"input\"],\"old_classname\":\"\",\"wrap_template\":\"wrap\"},{\"objectType\":\"Field\",\"objectDomain\":\"fields\",\"editActive\":false,\"order\":3,\"idAttribute\":\"id\",\"field_label\":\"Adresse courriel\",\"field_key\":\"adresse_courriel_1710355344679\",\"custom_name_attribute\":\"email\",\"personally_identifiable\":1,\"value\":\"\",\"element_styles_border-color\":\"\",\"element_styles_border-style\":\"\",\"element_styles_border\":\"\",\"element_styles_background-color\":\"\",\"label_styles_advanced\":\"\",\"label_styles_show_advanced_css\":0,\"label_styles_float\":\"\",\"label_styles_display\":\"\",\"label_styles_padding\":\"\",\"label_styles_margin\":\"\",\"label_styles_font-size\":\"\",\"label_styles_width\":\"\",\"label_styles_height\":\"\",\"label_styles_color\":\"\",\"label_styles_border-color\":\"\",\"label_styles_border-style\":\"\",\"label_styles_border\":\"\",\"label_styles_background-color\":\"\",\"wrap_styles_advanced\":\"\",\"wrap_styles_show_advanced_css\":0,\"wrap_styles_float\":\"\",\"wrap_styles_display\":\"\",\"wrap_styles_padding\":\"\",\"wrap_styles_margin\":\"\",\"wrap_styles_font-size\":\"\",\"wrap_styles_width\":\"\",\"wrap_styles_height\":\"\",\"wrap_styles_color\":\"\",\"wrap_styles_border-color\":\"\",\"wrap_styles_border-style\":\"\",\"wrap_styles_border\":\"\",\"wrap_styles_background-color\":\"\",\"desc_text\":\"\",\"help_text\":\"\",\"admin_label\":\"\",\"container_class\":\"\",\"element_class\":\"\",\"wrapper_class\":\"\",\"default\":\"\",\"placeholder\":\"\",\"required\":1,\"label_pos\":\"above\",\"created_at\":\"2016-08-24 16:39:20\",\"type\":\"email\",\"label\":\"Adresse courriel\",\"key\":\"adresse_courriel_1710355344679\",\"cellcid\":\"c3619\",\"element_styles_advanced\":\"\",\"element_styles_show_advanced_css\":0,\"element_styles_float\":\"\",\"element_styles_display\":\"\",\"element_styles_padding\":\"\",\"element_styles_margin\":\"\",\"element_styles_font-size\":\"\",\"element_styles_width\":\"\",\"element_styles_height\":\"\",\"element_styles_color\":\"\",\"drawerDisabled\":\"\",\"id\":123,\"beforeField\":\"\",\"afterField\":\"\",\"parentType\":\"email\",\"element_templates\":[\"email\",\"input\"],\"old_classname\":\"\",\"wrap_template\":\"wrap\"},{\"objectType\":\"Field\",\"objectDomain\":\"fields\",\"editActive\":false,\"order\":4,\"idAttribute\":\"id\",\"field_label\":\"Message\",\"field_key\":\"message\",\"value\":\"\",\"manual_key\":\"\",\"input_limit_msg\":\"Character(s) left\",\"input_limit_type\":\"characters\",\"input_limit\":\"\",\"container_class\":\"\",\"element_class\":\"\",\"wrapper_class\":\"\",\"default\":\"\",\"placeholder\":\"\",\"required\":1,\"label_pos\":\"above\",\"created_at\":\"2016-08-24 16:39:20\",\"type\":\"textarea\",\"key\":\"message\",\"label\":\"Message\",\"cellcid\":\"c3622\",\"element_styles_advanced\":\"\",\"element_styles_show_advanced_css\":0,\"element_styles_float\":\"\",\"element_styles_display\":\"\",\"element_styles_padding\":\"\",\"element_styles_margin\":\"\",\"element_styles_font-size\":\"\",\"element_styles_width\":\"\",\"element_styles_height\":\"\",\"element_styles_color\":\"\",\"element_styles_border-color\":\"\",\"element_styles_border-style\":\"\",\"element_styles_border\":\"\",\"element_styles_background-color\":\"\",\"label_styles_advanced\":\"\",\"label_styles_show_advanced_css\":0,\"label_styles_float\":\"\",\"label_styles_display\":\"\",\"label_styles_padding\":\"\",\"label_styles_margin\":\"\",\"label_styles_font-size\":\"\",\"label_styles_width\":\"\",\"label_styles_height\":\"\",\"label_styles_border-color\":\"\",\"label_styles_color\":\"\",\"label_styles_border-style\":\"\",\"label_styles_border\":\"\",\"wrap_styles_advanced\":\"\",\"label_styles_background-color\":\"\",\"wrap_styles_show_advanced_css\":0,\"wrap_styles_float\":\"\",\"wrap_styles_display\":\"\",\"wrap_styles_padding\":\"\",\"wrap_styles_margin\":\"\",\"wrap_styles_font-size\":\"\",\"wrap_styles_width\":\"\",\"wrap_styles_height\":\"\",\"wrap_styles_color\":\"\",\"wrap_styles_border-color\":\"\",\"wrap_styles_border-style\":\"\",\"wrap_styles_border\":\"\",\"wrap_styles_background-color\":\"\",\"textarea_media\":\"\",\"textarea_rte\":\"\",\"disable_rte_mobile\":\"\",\"disable_browser_autocomplete\":\"\",\"desc_text\":\"\",\"help_text\":\"\",\"disable_input\":\"\",\"admin_label\":\"\",\"id\":124,\"beforeField\":\"\",\"afterField\":\"\",\"parentType\":\"textarea\",\"element_templates\":[\"textarea\",\"input\"],\"old_classname\":\"\",\"wrap_template\":\"wrap\"},{\"objectType\":\"Field\",\"objectDomain\":\"fields\",\"editActive\":false,\"order\":5,\"idAttribute\":\"id\",\"key\":\"recaptcha_1710355225760\",\"cellcid\":\"c3625\",\"size\":\"visible\",\"element_class\":\"\",\"wrap_styles_show_advanced_css\":0,\"label_styles_show_advanced_css\":0,\"container_class\":\"\",\"label\":\"Recaptcha v2\",\"type\":\"recaptcha\",\"field_label\":\"Recaptcha v2\",\"field_key\":\"recaptcha_1710355225760\",\"id\":121,\"beforeField\":\"\",\"afterField\":\"\",\"value\":\"\",\"label_pos\":\"above\",\"parentType\":\"textbox\",\"element_templates\":[\"recaptcha\",\"input\"],\"old_classname\":\"\",\"wrap_template\":\"wrap\",\"site_key\":\"6Ldf4JcpAAAAACpTTkyl6pcTaDqt3nfc-CmYxBSR\",\"theme\":\"light\",\"lang\":false},{\"objectType\":\"Field\",\"objectDomain\":\"fields\",\"editActive\":false,\"order\":6,\"idAttribute\":\"id\",\"type\":\"submit\",\"label\":\"Envoyer\",\"processing_label\":\"En cours de traitement\",\"container_class\":\"\",\"element_class\":\"\",\"key\":\"submit_1710355220065\",\"wrap_styles_show_advanced_css\":0,\"element_styles_show_advanced_css\":0,\"submit_element_hover_styles_show_advanced_css\":0,\"cellcid\":\"c3628\",\"drawerDisabled\":\"\",\"submit_element_hover_styles_float\":\"\",\"submit_element_hover_styles_padding\":\"\",\"submit_element_hover_styles_margin\":\"\",\"submit_element_hover_styles_font-size\":\"\",\"submit_element_hover_styles_width\":\"\",\"submit_element_hover_styles_border\":\"\",\"element_styles_float\":\"\",\"element_styles_margin\":\"\",\"element_styles_padding\":\"\",\"element_styles_font-size\":\"\",\"element_styles_width\":\"\",\"element_styles_border\":\"\",\"wrap_styles_float\":\"\",\"wrap_styles_margin\":\"\",\"wrap_styles_padding\":\"\",\"wrap_styles_width\":\"\",\"wrap_styles_border\":\"\",\"field_label\":\"Envoyer\",\"field_key\":\"submit_1710355220065\",\"id\":125,\"beforeField\":\"\",\"afterField\":\"\",\"value\":\"\",\"label_pos\":\"above\",\"parentType\":\"textbox\",\"element_templates\":[\"submit\",\"button\",\"input\"],\"old_classname\":\"\",\"wrap_template\":\"wrap-no-label\"}];nfForms.push(form);<\/script>\n                <script id=\"nf-tmpl-cell\" type=\"text\/template\">\n            <nf-fields><\/nf-fields>\n        <\/script>\n\n        <script id=\"nf-tmpl-row\" type=\"text\/template\">\n            <nf-cells><\/nf-cells>\n        <\/script>\n\n        \n<\/div><\/section><\/p><\/div>\n","protected":false},"excerpt":{"rendered":"","protected":false},"author":1,"featured_media":0,"parent":0,"menu_order":0,"comment_status":"closed","ping_status":"closed","template":"","meta":{"_exactmetrics_skip_tracking":false,"_exactmetrics_sitenote_active":false,"_exactmetrics_sitenote_note":"","_exactmetrics_sitenote_category":0,"footnotes":""},"class_list":["post-648","page","type-page","status-publish","hentry"],"yoast_head":"<!-- This site is optimized with the Yoast SEO Premium plugin v26.8 (Yoast SEO v26.8) - https:\/\/yoast.com\/product\/yoast-seo-premium-wordpress\/ -->\n<title>Contact iib - Groupe Alfred Boivin<\/title>\n<meta name=\"robots\" content=\"index, follow, max-snippet:-1, max-image-preview:large, max-video-preview:-1\" \/>\n<link rel=\"canonical\" href=\"https:\/\/www.alfredboivin.com\/wordpress\/index.php\/648-2\/\" \/>\n<meta property=\"og:locale\" content=\"fr_FR\" \/>\n<meta property=\"og:type\" content=\"article\" \/>\n<meta property=\"og:title\" content=\"Contact iib\" \/>\n<meta property=\"og:url\" content=\"https:\/\/www.alfredboivin.com\/wordpress\/index.php\/648-2\/\" \/>\n<meta property=\"og:site_name\" content=\"Groupe Alfred Boivin\" \/>\n<meta property=\"article:publisher\" content=\"https:\/\/www.facebook.com\/groupealfredboivin\" \/>\n<meta property=\"article:modified_time\" content=\"2024-03-13T19:08:36+00:00\" \/>\n<meta name=\"twitter:card\" content=\"summary_large_image\" \/>\n<meta name=\"twitter:label1\" content=\"Dur\u00e9e de lecture estim\u00e9e\" \/>\n\t<meta name=\"twitter:data1\" content=\"1 minute\" \/>\n<script type=\"application\/ld+json\" class=\"yoast-schema-graph\">{\"@context\":\"https:\/\/schema.org\",\"@graph\":[{\"@type\":\"WebPage\",\"@id\":\"https:\/\/www.alfredboivin.com\/wordpress\/index.php\/648-2\/\",\"url\":\"https:\/\/www.alfredboivin.com\/wordpress\/index.php\/648-2\/\",\"name\":\"Contact iib - Groupe Alfred Boivin\",\"isPartOf\":{\"@id\":\"https:\/\/www.alfredboivin.com\/wordpress\/#website\"},\"datePublished\":\"2018-09-28T21:09:32+00:00\",\"dateModified\":\"2024-03-13T19:08:36+00:00\",\"breadcrumb\":{\"@id\":\"https:\/\/www.alfredboivin.com\/wordpress\/index.php\/648-2\/#breadcrumb\"},\"inLanguage\":\"fr-FR\",\"potentialAction\":[{\"@type\":\"ReadAction\",\"target\":[\"https:\/\/www.alfredboivin.com\/wordpress\/index.php\/648-2\/\"]}]},{\"@type\":\"BreadcrumbList\",\"@id\":\"https:\/\/www.alfredboivin.com\/wordpress\/index.php\/648-2\/#breadcrumb\",\"itemListElement\":[{\"@type\":\"ListItem\",\"position\":1,\"name\":\"Accueil\",\"item\":\"https:\/\/www.alfredboivin.com\/wordpress\/index.php\/home\/\"},{\"@type\":\"ListItem\",\"position\":2,\"name\":\"Contact iib\"}]},{\"@type\":\"WebSite\",\"@id\":\"https:\/\/www.alfredboivin.com\/wordpress\/#website\",\"url\":\"https:\/\/www.alfredboivin.com\/wordpress\/\",\"name\":\"Groupe Alfred Boivin\",\"description\":\"B\u00e2tir l&#039;avenir autrement!\",\"publisher\":{\"@id\":\"https:\/\/www.alfredboivin.com\/wordpress\/#organization\"},\"potentialAction\":[{\"@type\":\"SearchAction\",\"target\":{\"@type\":\"EntryPoint\",\"urlTemplate\":\"https:\/\/www.alfredboivin.com\/wordpress\/?s={search_term_string}\"},\"query-input\":{\"@type\":\"PropertyValueSpecification\",\"valueRequired\":true,\"valueName\":\"search_term_string\"}}],\"inLanguage\":\"fr-FR\"},{\"@type\":\"Organization\",\"@id\":\"https:\/\/www.alfredboivin.com\/wordpress\/#organization\",\"name\":\"Groupe Alfred Boivin\",\"url\":\"https:\/\/www.alfredboivin.com\/wordpress\/\",\"logo\":{\"@type\":\"ImageObject\",\"inLanguage\":\"fr-FR\",\"@id\":\"https:\/\/www.alfredboivin.com\/wordpress\/#\/schema\/logo\/image\/\",\"url\":\"https:\/\/www.alfredboivin.com\/wordpress\/wp-content\/uploads\/2018\/09\/Groupe-Alfred-Boivin.png\",\"contentUrl\":\"https:\/\/www.alfredboivin.com\/wordpress\/wp-content\/uploads\/2018\/09\/Groupe-Alfred-Boivin.png\",\"width\":500,\"height\":350,\"caption\":\"Groupe Alfred Boivin\"},\"image\":{\"@id\":\"https:\/\/www.alfredboivin.com\/wordpress\/#\/schema\/logo\/image\/\"},\"sameAs\":[\"https:\/\/www.facebook.com\/groupealfredboivin\",\"https:\/\/www.instagram.com\/groupealfredboivin\/\"],\"description\":\"Le Groupe Alfred Boivin se sp\u00e9cialise dans la location de bennes, le transport en tout genres, le g\u00e9nie civil, la gestion de parc \u00e0 r\u00e9sidus miniers ainsi que la r\u00e9cup\u00e9ration de m\u00e9taux partout au Saguenay\u2013Lac-St-Jean.\",\"email\":\"eab@alfredboivin.com\",\"foundingDate\":\"194701-01-01\",\"numberOfEmployees\":{\"@type\":\"QuantitativeValue\",\"minValue\":\"201\",\"maxValue\":\"500\"}}]}<\/script>\n<!-- \/ Yoast SEO Premium plugin. -->","yoast_head_json":{"title":"Contact iib - Groupe Alfred Boivin","robots":{"index":"index","follow":"follow","max-snippet":"max-snippet:-1","max-image-preview":"max-image-preview:large","max-video-preview":"max-video-preview:-1"},"canonical":"https:\/\/www.alfredboivin.com\/wordpress\/index.php\/648-2\/","og_locale":"fr_FR","og_type":"article","og_title":"Contact iib","og_url":"https:\/\/www.alfredboivin.com\/wordpress\/index.php\/648-2\/","og_site_name":"Groupe Alfred Boivin","article_publisher":"https:\/\/www.facebook.com\/groupealfredboivin","article_modified_time":"2024-03-13T19:08:36+00:00","twitter_card":"summary_large_image","twitter_misc":{"Dur\u00e9e de lecture estim\u00e9e":"1 minute"},"schema":{"@context":"https:\/\/schema.org","@graph":[{"@type":"WebPage","@id":"https:\/\/www.alfredboivin.com\/wordpress\/index.php\/648-2\/","url":"https:\/\/www.alfredboivin.com\/wordpress\/index.php\/648-2\/","name":"Contact iib - Groupe Alfred Boivin","isPartOf":{"@id":"https:\/\/www.alfredboivin.com\/wordpress\/#website"},"datePublished":"2018-09-28T21:09:32+00:00","dateModified":"2024-03-13T19:08:36+00:00","breadcrumb":{"@id":"https:\/\/www.alfredboivin.com\/wordpress\/index.php\/648-2\/#breadcrumb"},"inLanguage":"fr-FR","potentialAction":[{"@type":"ReadAction","target":["https:\/\/www.alfredboivin.com\/wordpress\/index.php\/648-2\/"]}]},{"@type":"BreadcrumbList","@id":"https:\/\/www.alfredboivin.com\/wordpress\/index.php\/648-2\/#breadcrumb","itemListElement":[{"@type":"ListItem","position":1,"name":"Accueil","item":"https:\/\/www.alfredboivin.com\/wordpress\/index.php\/home\/"},{"@type":"ListItem","position":2,"name":"Contact iib"}]},{"@type":"WebSite","@id":"https:\/\/www.alfredboivin.com\/wordpress\/#website","url":"https:\/\/www.alfredboivin.com\/wordpress\/","name":"Groupe Alfred Boivin","description":"B\u00e2tir l&#039;avenir autrement!","publisher":{"@id":"https:\/\/www.alfredboivin.com\/wordpress\/#organization"},"potentialAction":[{"@type":"SearchAction","target":{"@type":"EntryPoint","urlTemplate":"https:\/\/www.alfredboivin.com\/wordpress\/?s={search_term_string}"},"query-input":{"@type":"PropertyValueSpecification","valueRequired":true,"valueName":"search_term_string"}}],"inLanguage":"fr-FR"},{"@type":"Organization","@id":"https:\/\/www.alfredboivin.com\/wordpress\/#organization","name":"Groupe Alfred Boivin","url":"https:\/\/www.alfredboivin.com\/wordpress\/","logo":{"@type":"ImageObject","inLanguage":"fr-FR","@id":"https:\/\/www.alfredboivin.com\/wordpress\/#\/schema\/logo\/image\/","url":"https:\/\/www.alfredboivin.com\/wordpress\/wp-content\/uploads\/2018\/09\/Groupe-Alfred-Boivin.png","contentUrl":"https:\/\/www.alfredboivin.com\/wordpress\/wp-content\/uploads\/2018\/09\/Groupe-Alfred-Boivin.png","width":500,"height":350,"caption":"Groupe Alfred Boivin"},"image":{"@id":"https:\/\/www.alfredboivin.com\/wordpress\/#\/schema\/logo\/image\/"},"sameAs":["https:\/\/www.facebook.com\/groupealfredboivin","https:\/\/www.instagram.com\/groupealfredboivin\/"],"description":"Le Groupe Alfred Boivin se sp\u00e9cialise dans la location de bennes, le transport en tout genres, le g\u00e9nie civil, la gestion de parc \u00e0 r\u00e9sidus miniers ainsi que la r\u00e9cup\u00e9ration de m\u00e9taux partout au Saguenay\u2013Lac-St-Jean.","email":"eab@alfredboivin.com","foundingDate":"194701-01-01","numberOfEmployees":{"@type":"QuantitativeValue","minValue":"201","maxValue":"500"}}]}},"_links":{"self":[{"href":"https:\/\/www.alfredboivin.com\/wordpress\/index.php\/wp-json\/wp\/v2\/pages\/648","targetHints":{"allow":["GET"]}}],"collection":[{"href":"https:\/\/www.alfredboivin.com\/wordpress\/index.php\/wp-json\/wp\/v2\/pages"}],"about":[{"href":"https:\/\/www.alfredboivin.com\/wordpress\/index.php\/wp-json\/wp\/v2\/types\/page"}],"author":[{"embeddable":true,"href":"https:\/\/www.alfredboivin.com\/wordpress\/index.php\/wp-json\/wp\/v2\/users\/1"}],"replies":[{"embeddable":true,"href":"https:\/\/www.alfredboivin.com\/wordpress\/index.php\/wp-json\/wp\/v2\/comments?post=648"}],"version-history":[{"count":4,"href":"https:\/\/www.alfredboivin.com\/wordpress\/index.php\/wp-json\/wp\/v2\/pages\/648\/revisions"}],"predecessor-version":[{"id":8007,"href":"https:\/\/www.alfredboivin.com\/wordpress\/index.php\/wp-json\/wp\/v2\/pages\/648\/revisions\/8007"}],"wp:attachment":[{"href":"https:\/\/www.alfredboivin.com\/wordpress\/index.php\/wp-json\/wp\/v2\/media?parent=648"}],"curies":[{"name":"wp","href":"https:\/\/api.w.org\/{rel}","templated":true}]}}