{"id":436,"date":"2018-09-24T09:52:26","date_gmt":"2018-09-24T13:52:26","guid":{"rendered":"http:\/\/alfredboivin.com\/wordpress\/?page_id=436"},"modified":"2021-07-07T15:57:56","modified_gmt":"2021-07-07T19:57:56","slug":"domaine-saguenay-2","status":"publish","type":"page","link":"https:\/\/www.alfredboivin.com\/wordpress\/index.php\/domaine-saguenay-2\/","title":{"rendered":"Domaine Saguenay"},"content":{"rendered":"<div id='full_slider_1'  class='avia-fullwidth-slider main_color avia-shadow   avia-builder-el-0  el_before_av_image  avia-builder-el-first   container_wrap sidebar_right'  ><div  class='avia-slideshow av-jmkv7qzp-64fb3f9f647c992f5848fb690aeef2db avia-slideshow-featured av_slideshow_full avia-slide-slider av-slideshow-ui av-control-default av-slideshow-autoplay av-loop-endless av-loop-manual-endless av-default-height-applied   avia-slideshow-1' data-slideshow-options=\"{&quot;animation&quot;:&quot;slide&quot;,&quot;autoplay&quot;:true,&quot;loop_autoplay&quot;:&quot;endless&quot;,&quot;interval&quot;:5,&quot;loop_manual&quot;:&quot;manual-endless&quot;,&quot;autoplay_stopper&quot;:false,&quot;noNavigation&quot;:false,&quot;bg_slider&quot;:false,&quot;keep_padding&quot;:false,&quot;hoverpause&quot;:false,&quot;show_slide_delay&quot;:0}\"  itemprop=\"image\" itemscope=\"itemscope\" itemtype=\"https:\/\/schema.org\/ImageObject\" ><ul class='avia-slideshow-inner ' style='padding-bottom: 52.24787363305%;'><li  class='avia-slideshow-slide av-jmkv7qzp-64fb3f9f647c992f5848fb690aeef2db__0  slide-1 slide-odd'><div data-rel='slideshow-1' class='avia-slide-wrap '   ><img fetchpriority=\"high\" class=\"wp-image-1316 avia-img-lazy-loading-not-1316\"  src='https:\/\/www.alfredboivin.com\/wordpress\/wp-content\/uploads\/2020\/04\/projet-construction.jpg' width='823' height='430' title='projet construction' alt=''  itemprop=\"thumbnailUrl\"   \/><\/div><\/li><li  class='avia-slideshow-slide av-jmkv7qzp-64fb3f9f647c992f5848fb690aeef2db__1  slide-2 slide-even'><div data-rel='slideshow-1' class='avia-slide-wrap '   ><img fetchpriority=\"high\" class=\"wp-image-1318 avia-img-lazy-loading-not-1318\"  src='https:\/\/www.alfredboivin.com\/wordpress\/wp-content\/uploads\/2020\/04\/terrain-bord-de-eau.jpg' width='823' height='430' title='terrain bord de eau' alt=''  itemprop=\"thumbnailUrl\"   \/><\/div><\/li><li  class='avia-slideshow-slide av-jmkv7qzp-64fb3f9f647c992f5848fb690aeef2db__2  slide-3 slide-odd'><div data-rel='slideshow-1' class='avia-slide-wrap '   ><img fetchpriority=\"high\" class=\"wp-image-1319 avia-img-lazy-loading-not-1319\"  src='https:\/\/www.alfredboivin.com\/wordpress\/wp-content\/uploads\/2020\/04\/Terrain-bientot-disponible.jpg' width='823' height='430' title='Terrain bientot disponible' alt=''  itemprop=\"thumbnailUrl\"   \/><\/div><\/li><\/ul><div class='avia-slideshow-arrows avia-slideshow-controls' ><a href='#prev' class='prev-slide  avia-svg-icon avia-font-svg_entypo-fontello' data-av_svg_icon='left-open-big' data-av_iconset='svg_entypo-fontello' tabindex='-1' title=\"Pr\u00e9c\u00e9dent\"><svg version=\"1.1\" xmlns=\"http:\/\/www.w3.org\/2000\/svg\" width=\"15\" height=\"32\" viewBox=\"0 0 15 32\" preserveAspectRatio=\"xMidYMid meet\" aria-labelledby='av-svg-title-1' aria-describedby='av-svg-desc-1' role=\"graphics-symbol\" aria-hidden=\"true\">\n<title id='av-svg-title-1'>Pr\u00e9c\u00e9dent<\/title>\n<desc id='av-svg-desc-1'>Pr\u00e9c\u00e9dent<\/desc>\n<path d=\"M14.464 27.84q0.832 0.832 0 1.536-0.832 0.832-1.536 0l-12.544-12.608q-0.768-0.768 0-1.6l12.544-12.608q0.704-0.832 1.536 0 0.832 0.704 0 1.536l-11.456 11.904z\"><\/path>\n<\/svg><span class='avia_hidden_link_text'>Pr\u00e9c\u00e9dent<\/span><\/a><a href='#next' class='next-slide  avia-svg-icon avia-font-svg_entypo-fontello' data-av_svg_icon='right-open-big' data-av_iconset='svg_entypo-fontello' tabindex='-1' title=\"Suivant\"><svg version=\"1.1\" xmlns=\"http:\/\/www.w3.org\/2000\/svg\" width=\"15\" height=\"32\" viewBox=\"0 0 15 32\" preserveAspectRatio=\"xMidYMid meet\" aria-labelledby='av-svg-title-2' aria-describedby='av-svg-desc-2' role=\"graphics-symbol\" aria-hidden=\"true\">\n<title id='av-svg-title-2'>Suivant<\/title>\n<desc id='av-svg-desc-2'>Suivant<\/desc>\n<path d=\"M0.416 27.84l11.456-11.84-11.456-11.904q-0.832-0.832 0-1.536 0.832-0.832 1.536 0l12.544 12.608q0.768 0.832 0 1.6l-12.544 12.608q-0.704 0.832-1.536 0-0.832-0.704 0-1.536z\"><\/path>\n<\/svg><span class='avia_hidden_link_text'>Suivant<\/span><\/a><\/div><div class='avia-slideshow-dots avia-slideshow-controls'><a href='#1' class='goto-slide active' >1<\/a><a href='#2' class='goto-slide ' >2<\/a><a href='#3' class='goto-slide ' >3<\/a><\/div><\/div><\/div><div id='after_full_slider_1'  class='main_color av_default_container_wrap container_wrap sidebar_right'  ><div class='container av-section-cont-open' ><div class='template-page content  av-content-small alpha units'><div class='post-entry post-entry-type-page post-entry-436'><div class='entry-content-wrapper clearfix'>\n\n\n\n<style type=\"text\/css\" data-created_by=\"avia_inline_auto\" id=\"style-css-av-av_heading-1441b687c0917724c68fefa5ff48cf8c\">\n#top .av-special-heading.av-av_heading-1441b687c0917724c68fefa5ff48cf8c{\npadding-bottom:0;\n}\nbody .av-special-heading.av-av_heading-1441b687c0917724c68fefa5ff48cf8c .av-special-heading-tag .heading-char{\nfont-size:25px;\n}\n.av-special-heading.av-av_heading-1441b687c0917724c68fefa5ff48cf8c .av-subheading{\nfont-size:15px;\n}\n<\/style>\n<div  class='av-special-heading av-av_heading-1441b687c0917724c68fefa5ff48cf8c av-special-heading-h2 blockquote modern-quote modern-centered  avia-builder-el-3  el_after_av_image  el_before_av_hr '><h2 class='av-special-heading-tag '  itemprop=\"headline\"  >Domaine Saguenay<\/h2><div class=\"special-heading-border\"><div class=\"special-heading-inner-border\"><\/div><\/div><\/div>\n\n<style type=\"text\/css\" data-created_by=\"avia_inline_auto\" id=\"style-css-av-aqij16-13a5edec9faf624bbc9abb6150ae5282\">\n#top .hr.av-aqij16-13a5edec9faf624bbc9abb6150ae5282{\nmargin-top:5px;\nmargin-bottom:35px;\n}\n.hr.av-aqij16-13a5edec9faf624bbc9abb6150ae5282 .hr-inner{\nwidth:50px;\nborder-color:#af0000;\n}\n<\/style>\n<div  class='hr av-aqij16-13a5edec9faf624bbc9abb6150ae5282 hr-custom  avia-builder-el-4  el_after_av_heading  el_before_av_textblock  hr-center hr-icon-no'><span class='hr-inner inner-border-av-border-fat'><span class=\"hr-inner-style\"><\/span><\/span><\/div>\n<section  class='av_textblock_section av-jmhr3axp-ffc119f30e40ca0206960bc3def8bdd4 '   itemscope=\"itemscope\" itemtype=\"https:\/\/schema.org\/CreativeWork\" ><div class='avia_textblock'  itemprop=\"text\" ><p><strong>Terrain de r\u00eave dans l&rsquo;un des plus beaux quartiers du Saguenay!<\/strong><\/p>\n<p>Que vous soyez \u00e0 la recherche d\u2019un terrain pour y b\u00e2tir votre nid d\u2019amour ou encore pour \u00e9lever votre famille, nous avons le terrain qu&rsquo;il vous faut! Retrouvez-vous dans un lieu tranquille et paisible pour y passer vos fins de semaine ou encore pour profiter de votre retraite dans un coin de paradis tout pr\u00e8s des centres urbains. Le Domaine du Saguenay saura r\u00e9pondre \u00e0 tous vos besoins en mati\u00e8re de terrains \u00e0 vendre dans la r\u00e9gion du Saguenay.<\/p>\n<p>Le Domaine du Saguenay vous propose des terrains r\u00e9sidentiels dans les quartiers les plus recherch\u00e9s. Les terrains sont situ\u00e9s pr\u00e8s des plus importants axes routiers et des commodit\u00e9s. Ces terrains peuvent convenir \u00e0 vos projets de constructions en raison des superficies avantageuses.<\/p>\n<p><strong>D\u00e9nichez votre terrain de r\u00eave, dans l&rsquo;un des d\u00e9veloppements:<\/strong><\/p>\n<ul>\n<li>Domaine de l\u2019\u00e9ducation, <strong>Jonqui\u00e8re<\/strong><\/li>\n<li>D\u00e9veloppement \u00e0 <strong>Laterri\u00e8re<\/strong><\/li>\n<li>D\u00e9veloppement \u00e0 <strong>Shipshaw<\/strong><\/li>\n<li>D\u00e9veloppement domiciliaire rue de la clairi\u00e8re, <strong>Jonqui\u00e8re<\/strong><\/li>\n<li>Domaine Bois-Vins, <strong>Chicoutimi<\/strong><\/li>\n<\/ul>\n<p>Nous \u0153uvrons conjointement avec les filiales du Groupe Alfred Boivin pour vous offrir non seulement des terrains de qualit\u00e9 \u00e0 vendre dans divers secteurs de la Ville de Saguenay, mais aussi un ensemble de services visant \u00e0 maximiser votre nouvel investissement.<\/p>\n<p>T\u00e9l\u00e9phonez-nous sans tarder et notre \u00e9quipe se fera un grand plaisir de vous guider dans vos recherches afin que l\u2019emplacement de votre r\u00e9sidence soit \u00e0 la hauteur de vos esp\u00e9rances!<\/p>\n<h3 style=\"text-align: center;\"><\/h3>\n<\/div><\/section>\n<div  class='avia-button-wrap av-jmmcg11l-f1d1743ca08fc10cc1636868fa950f2a-wrap avia-button-center  avia-builder-el-6  el_after_av_textblock  el_before_av_heading '><a href='https:\/\/www.facebook.com\/messages\/t\/405343356463936'  class='avia-button av-jmmcg11l-f1d1743ca08fc10cc1636868fa950f2a av-link-btn avia-icon_select-yes-left-icon avia-size-medium avia-position-center avia-color-red'   aria-label=\"Contactez-Nous!\"><span class='avia_button_icon avia_button_icon_left avia-iconfont avia-font-entypo-fontello' data-av_icon='\ue805' data-av_iconfont='entypo-fontello' ><\/span><span class='avia_iconbox_title' >Contactez-Nous!<\/span><\/a><\/div>\n\n<style type=\"text\/css\" data-created_by=\"avia_inline_auto\" id=\"style-css-av-av_heading-3f0ec1f0f999e88a3fc150c8fa6ba042\">\n#top .av-special-heading.av-av_heading-3f0ec1f0f999e88a3fc150c8fa6ba042{\npadding-bottom:0;\n}\nbody .av-special-heading.av-av_heading-3f0ec1f0f999e88a3fc150c8fa6ba042 .av-special-heading-tag .heading-char{\nfont-size:25px;\n}\n.av-special-heading.av-av_heading-3f0ec1f0f999e88a3fc150c8fa6ba042 .av-subheading{\nfont-size:15px;\n}\n<\/style>\n<div  class='av-special-heading av-av_heading-3f0ec1f0f999e88a3fc150c8fa6ba042 av-special-heading-h2 blockquote modern-quote modern-centered  avia-builder-el-7  el_after_av_button  el_before_av_hr '><h2 class='av-special-heading-tag '  itemprop=\"headline\"  >Nos d\u00e9veloppements<\/h2><div class=\"special-heading-border\"><div class=\"special-heading-inner-border\"><\/div><\/div><\/div>\n\n<style type=\"text\/css\" data-created_by=\"avia_inline_auto\" id=\"style-css-av-aqij16-13a5edec9faf624bbc9abb6150ae5282\">\n#top .hr.av-aqij16-13a5edec9faf624bbc9abb6150ae5282{\nmargin-top:5px;\nmargin-bottom:35px;\n}\n.hr.av-aqij16-13a5edec9faf624bbc9abb6150ae5282 .hr-inner{\nwidth:50px;\nborder-color:#af0000;\n}\n<\/style>\n<div  class='hr av-aqij16-13a5edec9faf624bbc9abb6150ae5282 hr-custom  avia-builder-el-8  el_after_av_heading  el_before_av_gallery  hr-center hr-icon-no'><span class='hr-inner inner-border-av-border-fat'><span class=\"hr-inner-style\"><\/span><\/span><\/div>\n\n<style type=\"text\/css\" data-created_by=\"avia_inline_auto\" id=\"style-css-av-jmkuzrdk-f91d98a4aded696e0088dee3ebd69c81\">\n#top .avia-gallery.av-jmkuzrdk-f91d98a4aded696e0088dee3ebd69c81 .avia-gallery-thumb a{\nwidth:50%;\n}\n<\/style>\n<div  class='avia-gallery av-jmkuzrdk-f91d98a4aded696e0088dee3ebd69c81 avia_animate_when_visible  avia-builder-el-9  el_after_av_hr  avia-builder-el-last  avia_lazyload avia-gallery-animate avia-gallery-1'  itemprop=\"image\" itemscope=\"itemscope\" itemtype=\"https:\/\/schema.org\/ImageObject\" ><meta itemprop=\"contentURL\" content=\"https:\/\/www.alfredboivin.com\/wordpress\/index.php\/domaine-saguenay-2\/\"><div class='avia-gallery-thumb'><a href=\"https:\/\/www.alfredboivin.com\/wordpress\/wp-content\/uploads\/2021\/03\/Laterriere.jpg\" data-rel='gallery-1' data-prev-img='https:\/\/www.alfredboivin.com\/wordpress\/wp-content\/uploads\/2021\/03\/Laterriere.jpg' class='first_thumb lightbox ' data-onclick='1' title='D\u00e9veloppement Laterri\u00e8re'  itemprop=\"thumbnailUrl\"  ><img fetchpriority=\"high\" class=\"wp-image-2192 avia-img-lazy-loading-not-2192\"  data-avia-tooltip='D\u00e9veloppement Laterri\u00e8re' src='https:\/\/www.alfredboivin.com\/wordpress\/wp-content\/uploads\/2021\/03\/Laterriere.jpg' width='495' height='325'  title='Laterriere' alt='' \/><div class='big-prev-fake'><img loading=\"lazy\" class=\"wp-image-2192 avia-img-lazy-loading-2192\"  width='495' height='325' src='https:\/\/www.alfredboivin.com\/wordpress\/wp-content\/uploads\/2021\/03\/Laterriere.jpg' title='Laterriere' alt='' \/><\/div><\/a><a href=\"https:\/\/www.alfredboivin.com\/wordpress\/wp-content\/uploads\/2021\/03\/Shipshaw.jpg\" data-rel='gallery-1' data-prev-img='https:\/\/www.alfredboivin.com\/wordpress\/wp-content\/uploads\/2021\/03\/Shipshaw.jpg' class='lightbox ' data-onclick='2' title='D\u00e9veloppement Shipshaw'  itemprop=\"thumbnailUrl\"  ><img fetchpriority=\"high\" class=\"wp-image-2193 avia-img-lazy-loading-not-2193\"  data-avia-tooltip='D\u00e9veloppement Shipshaw' src='https:\/\/www.alfredboivin.com\/wordpress\/wp-content\/uploads\/2021\/03\/Shipshaw.jpg' width='495' height='325'  title='Shipshaw' alt='' \/><div class='big-prev-fake'><img loading=\"lazy\" class=\"wp-image-2193 avia-img-lazy-loading-2193\"  width='495' height='325' src='https:\/\/www.alfredboivin.com\/wordpress\/wp-content\/uploads\/2021\/03\/Shipshaw.jpg' title='Shipshaw' alt='' \/><\/div><\/a><a href=\"https:\/\/www.alfredboivin.com\/wordpress\/wp-content\/uploads\/2021\/03\/Jonquiere-vente.jpg\" data-rel='gallery-1' data-prev-img='https:\/\/www.alfredboivin.com\/wordpress\/wp-content\/uploads\/2021\/03\/Jonquiere-vente.jpg' class='first_thumb lightbox ' data-onclick='3' title='D\u00e9veloppement Jonqui\u00e8re'  itemprop=\"thumbnailUrl\"  ><img fetchpriority=\"high\" class=\"wp-image-2194 avia-img-lazy-loading-not-2194\"  data-avia-tooltip='D\u00e9veloppement Jonqui\u00e8re' src='https:\/\/www.alfredboivin.com\/wordpress\/wp-content\/uploads\/2021\/03\/Jonquiere-vente.jpg' width='495' height='301'  title='Jonquiere vente' alt='' \/><div class='big-prev-fake'><img loading=\"lazy\" class=\"wp-image-2194 avia-img-lazy-loading-2194\"  width='495' height='301' src='https:\/\/www.alfredboivin.com\/wordpress\/wp-content\/uploads\/2021\/03\/Jonquiere-vente.jpg' title='Jonquiere vente' alt='' \/><\/div><\/a><a href=\"https:\/\/www.alfredboivin.com\/wordpress\/wp-content\/uploads\/2018\/10\/FG-2044_proj_V3-2-page-001-1030x676.jpg\" data-rel='gallery-1' data-prev-img='https:\/\/www.alfredboivin.com\/wordpress\/wp-content\/uploads\/2018\/10\/FG-2044_proj_V3-2-page-001-495x400.jpg' class='lightbox ' data-onclick='4' title='D\u00e9veloppement St-G\u00e9d\u00e9on'  itemprop=\"thumbnailUrl\"  ><img fetchpriority=\"high\" class=\"wp-image-764 avia-img-lazy-loading-not-764\"  data-avia-tooltip='D\u00e9veloppement St-G\u00e9d\u00e9on' src='https:\/\/www.alfredboivin.com\/wordpress\/wp-content\/uploads\/2018\/10\/FG-2044_proj_V3-2-page-001-495x400.jpg' width='495' height='400'  title='' alt='' \/><div class='big-prev-fake'><img loading=\"lazy\" class=\"wp-image-764 avia-img-lazy-loading-764\"  width='495' height='400' src='https:\/\/www.alfredboivin.com\/wordpress\/wp-content\/uploads\/2018\/10\/FG-2044_proj_V3-2-page-001-495x400.jpg' title='' alt='' \/><\/div><\/a><a href=\"https:\/\/www.alfredboivin.com\/wordpress\/wp-content\/uploads\/2020\/04\/Jonq_delaClairiere_phase.png\" data-rel='gallery-1' data-prev-img='https:\/\/www.alfredboivin.com\/wordpress\/wp-content\/uploads\/2020\/04\/Jonq_delaClairiere_phase.png' class='first_thumb lightbox ' data-onclick='5' title='D\u00e9veloppement Jonqui\u00e8re rue de la Clairi\u00e8re'  itemprop=\"thumbnailUrl\"  ><img fetchpriority=\"high\" class=\"wp-image-1329 avia-img-lazy-loading-not-1329\"  data-avia-tooltip='D\u00e9veloppement Jonqui\u00e8re rue de la Clairi\u00e8re' src='https:\/\/www.alfredboivin.com\/wordpress\/wp-content\/uploads\/2020\/04\/Jonq_delaClairiere_phase.png' width='463' height='400'  title='Jonq_delaClairiere_phase' alt='' \/><div class='big-prev-fake'><img loading=\"lazy\" class=\"wp-image-1329 avia-img-lazy-loading-1329\"  width='463' height='400' src='https:\/\/www.alfredboivin.com\/wordpress\/wp-content\/uploads\/2020\/04\/Jonq_delaClairiere_phase.png' title='Jonq_delaClairiere_phase' alt='' \/><\/div><\/a><a href=\"https:\/\/www.alfredboivin.com\/wordpress\/wp-content\/uploads\/2021\/07\/domaine-du-boulvard-pour-facebook-002.jpg\" data-rel='gallery-1' data-prev-img='https:\/\/www.alfredboivin.com\/wordpress\/wp-content\/uploads\/2021\/07\/domaine-du-boulvard-pour-facebook-002.jpg' class='lightbox ' data-onclick='6' title='D\u00e9veloppement rue du Boulevard Laterri\u00e8re'  itemprop=\"thumbnailUrl\"  ><img fetchpriority=\"high\" class=\"wp-image-2534 avia-img-lazy-loading-not-2534\"  data-avia-tooltip='D\u00e9veloppement rue du Boulevard Laterri\u00e8re' src='https:\/\/www.alfredboivin.com\/wordpress\/wp-content\/uploads\/2021\/07\/domaine-du-boulvard-pour-facebook-002.jpg' width='400' height='400'  title='domaine du boulvard pour facebook (002)' alt='' \/><div class='big-prev-fake'><img loading=\"lazy\" class=\"wp-image-2534 avia-img-lazy-loading-2534\"  width='400' height='400' src='https:\/\/www.alfredboivin.com\/wordpress\/wp-content\/uploads\/2021\/07\/domaine-du-boulvard-pour-facebook-002.jpg' title='domaine du boulvard pour facebook (002)' alt='' \/><\/div><\/a><\/div><\/div>\n","protected":false},"excerpt":{"rendered":"","protected":false},"author":1,"featured_media":0,"parent":0,"menu_order":0,"comment_status":"closed","ping_status":"closed","template":"","meta":{"footnotes":""},"class_list":["post-436","page","type-page","status-publish","hentry"],"_links":{"self":[{"href":"https:\/\/www.alfredboivin.com\/wordpress\/index.php\/wp-json\/wp\/v2\/pages\/436","targetHints":{"allow":["GET"]}}],"collection":[{"href":"https:\/\/www.alfredboivin.com\/wordpress\/index.php\/wp-json\/wp\/v2\/pages"}],"about":[{"href":"https:\/\/www.alfredboivin.com\/wordpress\/index.php\/wp-json\/wp\/v2\/types\/page"}],"author":[{"embeddable":true,"href":"https:\/\/www.alfredboivin.com\/wordpress\/index.php\/wp-json\/wp\/v2\/users\/1"}],"replies":[{"embeddable":true,"href":"https:\/\/www.alfredboivin.com\/wordpress\/index.php\/wp-json\/wp\/v2\/comments?post=436"}],"version-history":[{"count":23,"href":"https:\/\/www.alfredboivin.com\/wordpress\/index.php\/wp-json\/wp\/v2\/pages\/436\/revisions"}],"predecessor-version":[{"id":2533,"href":"https:\/\/www.alfredboivin.com\/wordpress\/index.php\/wp-json\/wp\/v2\/pages\/436\/revisions\/2533"}],"wp:attachment":[{"href":"https:\/\/www.alfredboivin.com\/wordpress\/index.php\/wp-json\/wp\/v2\/media?parent=436"}],"curies":[{"name":"wp","href":"https:\/\/api.w.org\/{rel}","templated":true}]}}