{"id":249,"date":"2015-10-15T13:48:39","date_gmt":"2015-10-15T13:48:39","guid":{"rendered":"http:\/\/wpoffice\/construction\/?page_id=2"},"modified":"2024-03-14T09:46:29","modified_gmt":"2024-03-14T13:46:29","slug":"entreprisesalfredboivin","status":"publish","type":"page","link":"https:\/\/www.alfredboivin.com\/wordpress\/index.php\/entreprisesalfredboivin\/","title":{"rendered":"Entreprises Alfred Boivin"},"content":{"rendered":"<\/div><\/div><\/div><!-- close content main div --><\/div><\/div><div id='full_slider_1' class='avia-fullwidth-slider main_color avia-shadow   container_wrap sidebar_right'   ><div  data-size='featured'  data-lightbox_size='large'  data-animation='slide'  data-conditional_play=''  data-ids='3574,3573,3586'  data-video_counter='0'  data-autoplay='true'  data-bg_slider='false'  data-slide_height=''  data-handle='av_slideshow_full'  data-interval='5'  data-class=' '  data-css_id=''  data-scroll_down=''  data-control_layout='av-control-default'  data-custom_markup=''  data-perma_caption=''  data-autoplay_stopper=''  data-image_attachment=''  data-min_height='0px'  data-src=''  data-position='top left'  data-repeat='no-repeat'  data-attach='scroll'  data-stretch=''  data-default-height='28.666666666667'  class='avia-slideshow avia-slideshow-1  av-control-default av-default-height-applied avia-slideshow-featured av_slideshow_full   avia-slide-slider '  itemprop=\"ImageObject\" itemscope=\"itemscope\" itemtype=\"https:\/\/schema.org\/ImageObject\" ><ul class='avia-slideshow-inner ' style='padding-bottom: 56.282722513089%;' ><li  class=' slide-1 ' ><div data-rel='slideshow-1' class='avia-slide-wrap '   ><img src='https:\/\/www.alfredboivin.com\/wordpress\/wp-content\/uploads\/2022\/02\/DJI_0223.jpg' width='764' height='430' title='DJI_0223' alt=''  itemprop=\"thumbnailUrl\"   \/><\/div><\/li><li  class=' slide-2 ' ><div data-rel='slideshow-1' class='avia-slide-wrap '   ><img src='https:\/\/www.alfredboivin.com\/wordpress\/wp-content\/uploads\/2022\/02\/DJI_0109.jpg' width='764' height='430' title='DJI_0109' alt=''  itemprop=\"thumbnailUrl\"   \/><\/div><\/li><li  class=' slide-3 ' ><div data-rel='slideshow-1' class='avia-slide-wrap '   ><img src='https:\/\/www.alfredboivin.com\/wordpress\/wp-content\/uploads\/2022\/02\/20211008_145336-002.jpg' width='764' height='430' title='20211008_145336 (002)' alt=''  itemprop=\"thumbnailUrl\"   \/><\/div><\/li><\/ul><div class='avia-slideshow-arrows avia-slideshow-controls'><a href='#prev' class='prev-slide' aria-hidden='true' data-av_icon='\ue87c' data-av_iconfont='entypo-fontello'>Pr\u00e9c\u00e9dent<\/a><a href='#next' class='next-slide' aria-hidden='true' data-av_icon='\ue87d' data-av_iconfont='entypo-fontello'>Suivant<\/a><\/div><div class='avia-slideshow-dots avia-slideshow-controls'><a href='#1' class='goto-slide active' >1<\/a><a href='#2' class='goto-slide ' >2<\/a><a href='#3' class='goto-slide ' >3<\/a><\/div><\/div><\/div>\n<div style='padding-bottom:0px; ' class='av-special-heading av-special-heading-h2  blockquote modern-quote modern-centered   '><h2 class='av-special-heading-tag '  itemprop=\"headline\"  >Les Entreprises Alfred Boivin<\/h2><div class='special-heading-border'><div class='special-heading-inner-border' ><\/div><\/div><\/div>\n<div style=' margin-top:5px; margin-bottom:35px;'  class='hr hr-custom hr-center hr-icon-no  '><span class='hr-inner   inner-border-av-border-fat' style=' width:50px; border-color:#af0000;' ><span class='hr-inner-style'><\/span><\/span><\/div>\n<div class=\"flex_column av_one_third  flex_column_div av-zero-column-padding first  \" style='border-radius:0px; '><div class='avia-gallery  avia-gallery-1 avia_lazyload avia_animate_when_visible '  itemprop=\"ImageObject\" itemscope=\"itemscope\" itemtype=\"https:\/\/schema.org\/ImageObject\" ><div class='avia-gallery-thumb'> <a href='https:\/\/www.alfredboivin.com\/wordpress\/wp-content\/uploads\/2018\/09\/eab1-1030x686.jpg' data-rel='gallery-1' data-prev-img='https:\/\/www.alfredboivin.com\/wordpress\/wp-content\/uploads\/2018\/09\/eab1-495x400.jpg' class='first_thumb lightbox ' data-onclick='1' title=''  itemprop=\"thumbnailUrl\" ><img  src='https:\/\/www.alfredboivin.com\/wordpress\/wp-content\/uploads\/2018\/09\/eab1-495x400.jpg' width='495' height='400'  title='' alt='' \/><\/a> <a href='https:\/\/www.alfredboivin.com\/wordpress\/wp-content\/uploads\/2018\/09\/Photo-1-004-1030x773.jpg' data-rel='gallery-1' data-prev-img='https:\/\/www.alfredboivin.com\/wordpress\/wp-content\/uploads\/2018\/09\/Photo-1-004-495x400.jpg' class='first_thumb lightbox ' data-onclick='2' title=''  itemprop=\"thumbnailUrl\" ><img  src='https:\/\/www.alfredboivin.com\/wordpress\/wp-content\/uploads\/2018\/09\/Photo-1-004-495x400.jpg' width='495' height='400'  title='' alt='' \/><\/a> <a href='https:\/\/www.alfredboivin.com\/wordpress\/wp-content\/uploads\/2022\/02\/20210518_110559.jpg' data-rel='gallery-1' data-prev-img='https:\/\/www.alfredboivin.com\/wordpress\/wp-content\/uploads\/2022\/02\/20210518_110559.jpg' class='first_thumb lightbox ' data-onclick='3' title=''  itemprop=\"thumbnailUrl\" ><img  src='https:\/\/www.alfredboivin.com\/wordpress\/wp-content\/uploads\/2022\/02\/20210518_110559.jpg' width='495' height='371'  title='20210518_110559' alt='' \/><\/a><\/div><\/div><\/div>\n<div class=\"flex_column av_two_third  flex_column_div av-zero-column-padding   \" style='border-radius:0px; '><section class=\"av_textblock_section \"  itemscope=\"itemscope\" itemtype=\"https:\/\/schema.org\/CreativeWork\" ><div class='avia_textblock  '   itemprop=\"text\" ><p style=\"text-align: justify;\">\u0152uvrant dans le domaine du g\u00e9nie civil depuis plus de 70 ans, <em>Les Entreprises Alfred Boivin<\/em> se sp\u00e9cialisent dans les travaux de g\u00e9nie civil et de terrassement ainsi que dans l\u2019exploitation de carri\u00e8res et de sabli\u00e8res.<\/p>\n<p style=\"text-align: justify;\">Au fil du temps, <em>Les Entreprises Alfred Boivin<\/em> ont su d\u00e9velopper une expertise significative et diversifi\u00e9e dans plusieurs domaines du g\u00e9nie civil notamment en ce qui a trait au transport et au remblai de masse.\u00a0L&rsquo;entreprise est en constante \u00e9volution et se perfectionne sans cesse afin d&rsquo;\u00eatre constamment un chef de file dans ses divers activit\u00e9s et dans la r\u00e9alisation de vos projets!<\/p>\n<p style=\"text-align: justify;\">Construction de routes ou d\u2019autoroutes,\u00a0\u00a0de viaducs, de ponts ou de digues, pr\u00e9paration de terrain, confection de mat\u00e9riaux granulaires (roches concass\u00e9es, etc.), ce sont l\u00e0 une panoplies de services offerts par <em>Les Entreprises Alfred Boivin.<\/em> En innovation constante, la filiale se dote d\u2019\u00e9quipements, de mat\u00e9riaux et de techniques \u00e0 la fine pointe de la technologie afin d&rsquo;offrir le meilleur qui soit \u00e0 sa client\u00e8le. Parce que r\u00e9pondre aux besoins et exigences des clients est une priorit\u00e9 pour <em>Les Entreprises Alfred Boivin.<\/em><\/p>\n<p style=\"text-align: justify;\"><span style=\"text-align: justify;\">Avec nous, vous b\u00e9n\u00e9ficiez d\u2019une \u00e9quipe comp\u00e9tente et multidisciplinaire d\u00e9tenant l\u2019exp\u00e9rience, l\u2019expertise ainsi que toutes les comp\u00e9tences et les connaissances pour r\u00e9aliser vos projets avec efficience et brio.<\/span><\/p>\n<h3 style=\"text-align: center;\"><\/h3>\n<\/div><\/section><br \/>\n<div style='padding-bottom:0px; ' class='av-special-heading av-special-heading-h3  blockquote modern-quote modern-centered   '><h3 class='av-special-heading-tag '  itemprop=\"headline\"  >Nos Services<\/h3><div class='special-heading-border'><div class='special-heading-inner-border' ><\/div><\/div><\/div><br \/>\n<div style=' margin-top:5px; margin-bottom:35px;'  class='hr hr-custom hr-center hr-icon-no  '><span class='hr-inner   inner-border-av-border-fat' style=' width:50px; border-color:#af0000;' ><span class='hr-inner-style'><\/span><\/span><\/div><br \/>\n<section class=\"av_textblock_section \"  itemscope=\"itemscope\" itemtype=\"https:\/\/schema.org\/CreativeWork\" ><div class='avia_textblock  '   itemprop=\"text\" ><ul>\n<li style=\"text-align: justify;\">Construction de routes, d\u2019autoroutes, d\u2019\u00e9difices, de viaducs, de ponts, de digues, etc.<\/li>\n<li style=\"text-align: justify;\">Confection de mat\u00e9riaux granulaires (roches concass\u00e9es, etc.),<\/li>\n<li style=\"text-align: justify;\">Travaux de terrassement,<\/li>\n<li style=\"text-align: justify;\">Exploitation de carri\u00e8res et de sabli\u00e8res,<\/li>\n<li style=\"text-align: justify;\">Transport en tout genre,<\/li>\n<li style=\"text-align: justify;\">Remblai de masse en secteurs urbain et forestier.<\/li>\n<\/ul>\n<\/div><\/section><br \/>\n<div class='avia-buttonrow-wrap avia-buttonrow-center  '>\n<a href='https:\/\/www.alfredboivin.com\/wordpress\/index.php\/contact-eab\/'  class='avia-button  avia-icon_select-yes-left-icon avia-color-red avia-size-large '  style='margin-bottom:5px; margin-left:3px; margin-right:3px; ' ><span class='avia_button_icon avia_button_icon_left ' aria-hidden='true' data-av_icon='\ue805' data-av_iconfont='entypo-fontello'><\/span><span class='avia_iconbox_title' >Contactez-nous<\/span><\/a>\n<\/div><\/p><\/div><div style='padding-bottom:0px; ' class='av-special-heading av-special-heading-h3  blockquote modern-quote modern-centered   '><h3 class='av-special-heading-tag '  itemprop=\"headline\"  >Nos R\u00e9alisations<\/h3><div class='special-heading-border'><div class='special-heading-inner-border' ><\/div><\/div><\/div><\/p>\n<div style=' margin-top:5px; margin-bottom:35px;'  class='hr hr-custom hr-center hr-icon-no  '><span class='hr-inner   inner-border-av-border-fat' style=' width:50px; border-color:#af0000;' ><span class='hr-inner-style'><\/span><\/span><\/div>\n<div class='sort_width_container  av-sort-yes' data-portfolio-id='1' ><div id='js_sort_items' ><div class='sort_by_cat hidden '><a href=\"#\" data-filter=\"all_sort\" class=\"all_sort_button active_sort\"><span class=\"inner_sort_button\"><span>Tout<\/span><small class=\"av-cat-count\"> 4 <\/small><\/span><\/a><span class='text-sep eab_sort_sep'>\/<\/span><a href=\"#\" data-filter=\"eab_sort\" class=\"eab_sort_button\" ><span class=\"inner_sort_button\"><span>EAB<\/span><small class='av-cat-count'> 4 <\/small><\/span><\/a><\/div><\/div><\/div><div class=' grid-sort-container isotope   no_margin-container with-title-container grid-total-even grid-col-3 grid-links-' data-portfolio-id='1'><div data-ajax-id='256' class=' grid-entry flex_column isotope-item all_sort no_margin post-entry post-entry-256 grid-entry-overview grid-loop-1 grid-parity-odd  eab_sort  av_one_third first default_av_fullwidth '><article class='main_color inner-entry'  itemscope=\"itemscope\" itemtype=\"https:\/\/schema.org\/CreativeWork\" ><a href='https:\/\/www.alfredboivin.com\/wordpress\/index.php\/portfolio-item\/project-6-living-room-design\/' title='Terrassement'  data-rel='grid-1' class='grid-image avia-hover-fx'><img loading=\"lazy\" decoding=\"async\" width=\"495\" height=\"400\" src=\"https:\/\/www.alfredboivin.com\/wordpress\/wp-content\/uploads\/2015\/10\/received_797996374536775-495x400.jpg\" class=\"attachment-portfolio size-portfolio wp-post-image\" alt=\"\" srcset=\"https:\/\/www.alfredboivin.com\/wordpress\/wp-content\/uploads\/2015\/10\/received_797996374536775-495x400.jpg 495w, https:\/\/www.alfredboivin.com\/wordpress\/wp-content\/uploads\/2015\/10\/received_797996374536775-845x684.jpg 845w\" sizes=\"auto, (max-width: 495px) 100vw, 495px\" \/><\/a><div class='grid-content'><div class='avia-arrow'><\/div><header class=\"entry-content-header\"><h3 class='grid-entry-title entry-title'  itemprop=\"headline\" ><a href='https:\/\/www.alfredboivin.com\/wordpress\/index.php\/portfolio-item\/project-6-living-room-design\/' title='Terrassement'>Terrassement<\/a><\/h3><\/header><\/div><footer class=\"entry-footer\"><\/footer><\/article><\/div><div data-ajax-id='106' class=' grid-entry flex_column isotope-item all_sort no_margin post-entry post-entry-106 grid-entry-overview grid-loop-2 grid-parity-even  eab_sort  av_one_third  default_av_fullwidth '><article class='main_color inner-entry'  itemscope=\"itemscope\" itemtype=\"https:\/\/schema.org\/CreativeWork\" ><a href='https:\/\/www.alfredboivin.com\/wordpress\/index.php\/portfolio-item\/project-4-office-tower\/' title='Ponts'  data-rel='grid-1' class='grid-image avia-hover-fx'><img loading=\"lazy\" decoding=\"async\" width=\"495\" height=\"400\" src=\"https:\/\/www.alfredboivin.com\/wordpress\/wp-content\/uploads\/2015\/10\/Stoneham-495x400.jpg\" class=\"attachment-portfolio size-portfolio wp-post-image\" alt=\"\" srcset=\"https:\/\/www.alfredboivin.com\/wordpress\/wp-content\/uploads\/2015\/10\/Stoneham-495x400.jpg 495w, https:\/\/www.alfredboivin.com\/wordpress\/wp-content\/uploads\/2015\/10\/Stoneham-845x684.jpg 845w\" sizes=\"auto, (max-width: 495px) 100vw, 495px\" \/><\/a><div class='grid-content'><div class='avia-arrow'><\/div><header class=\"entry-content-header\"><h3 class='grid-entry-title entry-title'  itemprop=\"headline\" ><a href='https:\/\/www.alfredboivin.com\/wordpress\/index.php\/portfolio-item\/project-4-office-tower\/' title='Ponts'>Ponts<\/a><\/h3><\/header><\/div><footer class=\"entry-footer\"><\/footer><\/article><\/div><div data-ajax-id='105' class=' grid-entry flex_column isotope-item all_sort no_margin post-entry post-entry-105 grid-entry-overview grid-loop-3 grid-parity-odd  eab_sort  av_one_third  default_av_fullwidth '><article class='main_color inner-entry'  itemscope=\"itemscope\" itemtype=\"https:\/\/schema.org\/CreativeWork\" ><a href='https:\/\/www.alfredboivin.com\/wordpress\/index.php\/portfolio-item\/project-3-hotel\/' title='B\u00e2timents commerciaux'  data-rel='grid-1' class='grid-image avia-hover-fx'><img loading=\"lazy\" decoding=\"async\" width=\"495\" height=\"400\" src=\"https:\/\/www.alfredboivin.com\/wordpress\/wp-content\/uploads\/2015\/10\/Sail1-495x400.jpg\" class=\"attachment-portfolio size-portfolio wp-post-image\" alt=\"\" \/><\/a><div class='grid-content'><div class='avia-arrow'><\/div><header class=\"entry-content-header\"><h3 class='grid-entry-title entry-title'  itemprop=\"headline\" ><a href='https:\/\/www.alfredboivin.com\/wordpress\/index.php\/portfolio-item\/project-3-hotel\/' title='B\u00e2timents commerciaux'>B\u00e2timents commerciaux<\/a><\/h3><\/header><\/div><footer class=\"entry-footer\"><\/footer><\/article><\/div><div data-ajax-id='94' class=' grid-entry flex_column isotope-item all_sort no_margin post-entry post-entry-94 grid-entry-overview grid-loop-4 grid-parity-even  post-entry-last  eab_sort  av_one_third first default_av_fullwidth '><article class='main_color inner-entry'  itemscope=\"itemscope\" itemtype=\"https:\/\/schema.org\/CreativeWork\" ><a href='https:\/\/www.alfredboivin.com\/wordpress\/index.php\/portfolio-item\/project-1-interior-design\/' title='Carri\u00e8res et sabli\u00e8res'  data-rel='grid-1' class='grid-image avia-hover-fx'><img loading=\"lazy\" decoding=\"async\" width=\"495\" height=\"400\" src=\"https:\/\/www.alfredboivin.com\/wordpress\/wp-content\/uploads\/2015\/10\/PicRona-495x400.jpg\" class=\"attachment-portfolio size-portfolio wp-post-image\" alt=\"\" srcset=\"https:\/\/www.alfredboivin.com\/wordpress\/wp-content\/uploads\/2015\/10\/PicRona-495x400.jpg 495w, https:\/\/www.alfredboivin.com\/wordpress\/wp-content\/uploads\/2015\/10\/PicRona-845x684.jpg 845w\" sizes=\"auto, (max-width: 495px) 100vw, 495px\" \/><\/a><div class='grid-content'><div class='avia-arrow'><\/div><header class=\"entry-content-header\"><h3 class='grid-entry-title entry-title'  itemprop=\"headline\" ><a href='https:\/\/www.alfredboivin.com\/wordpress\/index.php\/portfolio-item\/project-1-interior-design\/' title='Carri\u00e8res et sabli\u00e8res'>Carri\u00e8res et sabli\u00e8res<\/a><\/h3><\/header><\/div><footer class=\"entry-footer\"><\/footer><\/article><\/div><\/div>\n","protected":false},"excerpt":{"rendered":"","protected":false},"author":1,"featured_media":0,"parent":0,"menu_order":0,"comment_status":"closed","ping_status":"closed","template":"","meta":{"_exactmetrics_skip_tracking":false,"_exactmetrics_sitenote_active":false,"_exactmetrics_sitenote_note":"","_exactmetrics_sitenote_category":0,"footnotes":""},"class_list":["post-249","page","type-page","status-publish","hentry"],"yoast_head":"<!-- This site is optimized with the Yoast SEO Premium plugin v26.8 (Yoast SEO v26.8) - https:\/\/yoast.com\/product\/yoast-seo-premium-wordpress\/ -->\n<title>Entreprises Alfred Boivin - Groupe Alfred Boivin<\/title>\n<meta name=\"description\" content=\"Travaux de g\u00e9nie civil, de terrassement et exploitation de gravi\u00e8res et de sabli\u00e8res; Les Entreprises Alfred Boivin, 70 ans de comp\u00e9tence.\" \/>\n<meta name=\"robots\" content=\"index, follow, max-snippet:-1, max-image-preview:large, max-video-preview:-1\" \/>\n<link rel=\"canonical\" href=\"https:\/\/www.alfredboivin.com\/wordpress\/index.php\/entreprisesalfredboivin\/\" \/>\n<meta property=\"og:locale\" content=\"fr_FR\" \/>\n<meta property=\"og:type\" content=\"article\" \/>\n<meta property=\"og:title\" content=\"Entreprises Alfred Boivin\" \/>\n<meta property=\"og:description\" content=\"Travaux de g\u00e9nie civil, de terrassement et exploitation de gravi\u00e8res et de sabli\u00e8res; Les Entreprises Alfred Boivin, 70 ans de comp\u00e9tence.\" \/>\n<meta property=\"og:url\" content=\"https:\/\/www.alfredboivin.com\/wordpress\/index.php\/entreprisesalfredboivin\/\" \/>\n<meta property=\"og:site_name\" content=\"Groupe Alfred Boivin\" \/>\n<meta property=\"article:publisher\" content=\"https:\/\/www.facebook.com\/groupealfredboivin\" \/>\n<meta property=\"article:modified_time\" content=\"2024-03-14T13:46:29+00:00\" \/>\n<meta name=\"twitter:card\" content=\"summary_large_image\" \/>\n<meta name=\"twitter:label1\" content=\"Dur\u00e9e de lecture estim\u00e9e\" \/>\n\t<meta name=\"twitter:data1\" content=\"4 minutes\" \/>\n<script type=\"application\/ld+json\" class=\"yoast-schema-graph\">{\"@context\":\"https:\/\/schema.org\",\"@graph\":[{\"@type\":\"WebPage\",\"@id\":\"https:\/\/www.alfredboivin.com\/wordpress\/index.php\/entreprisesalfredboivin\/\",\"url\":\"https:\/\/www.alfredboivin.com\/wordpress\/index.php\/entreprisesalfredboivin\/\",\"name\":\"Entreprises Alfred Boivin - Groupe Alfred Boivin\",\"isPartOf\":{\"@id\":\"https:\/\/www.alfredboivin.com\/wordpress\/#website\"},\"datePublished\":\"2015-10-15T13:48:39+00:00\",\"dateModified\":\"2024-03-14T13:46:29+00:00\",\"description\":\"Travaux de g\u00e9nie civil, de terrassement et exploitation de gravi\u00e8res et de sabli\u00e8res; Les Entreprises Alfred Boivin, 70 ans de comp\u00e9tence.\",\"breadcrumb\":{\"@id\":\"https:\/\/www.alfredboivin.com\/wordpress\/index.php\/entreprisesalfredboivin\/#breadcrumb\"},\"inLanguage\":\"fr-FR\",\"potentialAction\":[{\"@type\":\"ReadAction\",\"target\":[\"https:\/\/www.alfredboivin.com\/wordpress\/index.php\/entreprisesalfredboivin\/\"]}]},{\"@type\":\"BreadcrumbList\",\"@id\":\"https:\/\/www.alfredboivin.com\/wordpress\/index.php\/entreprisesalfredboivin\/#breadcrumb\",\"itemListElement\":[{\"@type\":\"ListItem\",\"position\":1,\"name\":\"Accueil\",\"item\":\"https:\/\/www.alfredboivin.com\/wordpress\/index.php\/home\/\"},{\"@type\":\"ListItem\",\"position\":2,\"name\":\"Entreprises Alfred Boivin\"}]},{\"@type\":\"WebSite\",\"@id\":\"https:\/\/www.alfredboivin.com\/wordpress\/#website\",\"url\":\"https:\/\/www.alfredboivin.com\/wordpress\/\",\"name\":\"Groupe Alfred Boivin\",\"description\":\"B\u00e2tir l&#039;avenir autrement!\",\"publisher\":{\"@id\":\"https:\/\/www.alfredboivin.com\/wordpress\/#organization\"},\"potentialAction\":[{\"@type\":\"SearchAction\",\"target\":{\"@type\":\"EntryPoint\",\"urlTemplate\":\"https:\/\/www.alfredboivin.com\/wordpress\/?s={search_term_string}\"},\"query-input\":{\"@type\":\"PropertyValueSpecification\",\"valueRequired\":true,\"valueName\":\"search_term_string\"}}],\"inLanguage\":\"fr-FR\"},{\"@type\":\"Organization\",\"@id\":\"https:\/\/www.alfredboivin.com\/wordpress\/#organization\",\"name\":\"Groupe Alfred Boivin\",\"url\":\"https:\/\/www.alfredboivin.com\/wordpress\/\",\"logo\":{\"@type\":\"ImageObject\",\"inLanguage\":\"fr-FR\",\"@id\":\"https:\/\/www.alfredboivin.com\/wordpress\/#\/schema\/logo\/image\/\",\"url\":\"https:\/\/www.alfredboivin.com\/wordpress\/wp-content\/uploads\/2018\/09\/Groupe-Alfred-Boivin.png\",\"contentUrl\":\"https:\/\/www.alfredboivin.com\/wordpress\/wp-content\/uploads\/2018\/09\/Groupe-Alfred-Boivin.png\",\"width\":500,\"height\":350,\"caption\":\"Groupe Alfred Boivin\"},\"image\":{\"@id\":\"https:\/\/www.alfredboivin.com\/wordpress\/#\/schema\/logo\/image\/\"},\"sameAs\":[\"https:\/\/www.facebook.com\/groupealfredboivin\",\"https:\/\/www.instagram.com\/groupealfredboivin\/\"],\"description\":\"Le Groupe Alfred Boivin se sp\u00e9cialise dans la location de bennes, le transport en tout genres, le g\u00e9nie civil, la gestion de parc \u00e0 r\u00e9sidus miniers ainsi que la r\u00e9cup\u00e9ration de m\u00e9taux partout au Saguenay\u2013Lac-St-Jean.\",\"email\":\"eab@alfredboivin.com\",\"foundingDate\":\"194701-01-01\",\"numberOfEmployees\":{\"@type\":\"QuantitativeValue\",\"minValue\":\"201\",\"maxValue\":\"500\"}}]}<\/script>\n<!-- \/ Yoast SEO Premium plugin. -->","yoast_head_json":{"title":"Entreprises Alfred Boivin - Groupe Alfred Boivin","description":"Travaux de g\u00e9nie civil, de terrassement et exploitation de gravi\u00e8res et de sabli\u00e8res; Les Entreprises Alfred Boivin, 70 ans de comp\u00e9tence.","robots":{"index":"index","follow":"follow","max-snippet":"max-snippet:-1","max-image-preview":"max-image-preview:large","max-video-preview":"max-video-preview:-1"},"canonical":"https:\/\/www.alfredboivin.com\/wordpress\/index.php\/entreprisesalfredboivin\/","og_locale":"fr_FR","og_type":"article","og_title":"Entreprises Alfred Boivin","og_description":"Travaux de g\u00e9nie civil, de terrassement et exploitation de gravi\u00e8res et de sabli\u00e8res; Les Entreprises Alfred Boivin, 70 ans de comp\u00e9tence.","og_url":"https:\/\/www.alfredboivin.com\/wordpress\/index.php\/entreprisesalfredboivin\/","og_site_name":"Groupe Alfred Boivin","article_publisher":"https:\/\/www.facebook.com\/groupealfredboivin","article_modified_time":"2024-03-14T13:46:29+00:00","twitter_card":"summary_large_image","twitter_misc":{"Dur\u00e9e de lecture estim\u00e9e":"4 minutes"},"schema":{"@context":"https:\/\/schema.org","@graph":[{"@type":"WebPage","@id":"https:\/\/www.alfredboivin.com\/wordpress\/index.php\/entreprisesalfredboivin\/","url":"https:\/\/www.alfredboivin.com\/wordpress\/index.php\/entreprisesalfredboivin\/","name":"Entreprises Alfred Boivin - Groupe Alfred Boivin","isPartOf":{"@id":"https:\/\/www.alfredboivin.com\/wordpress\/#website"},"datePublished":"2015-10-15T13:48:39+00:00","dateModified":"2024-03-14T13:46:29+00:00","description":"Travaux de g\u00e9nie civil, de terrassement et exploitation de gravi\u00e8res et de sabli\u00e8res; Les Entreprises Alfred Boivin, 70 ans de comp\u00e9tence.","breadcrumb":{"@id":"https:\/\/www.alfredboivin.com\/wordpress\/index.php\/entreprisesalfredboivin\/#breadcrumb"},"inLanguage":"fr-FR","potentialAction":[{"@type":"ReadAction","target":["https:\/\/www.alfredboivin.com\/wordpress\/index.php\/entreprisesalfredboivin\/"]}]},{"@type":"BreadcrumbList","@id":"https:\/\/www.alfredboivin.com\/wordpress\/index.php\/entreprisesalfredboivin\/#breadcrumb","itemListElement":[{"@type":"ListItem","position":1,"name":"Accueil","item":"https:\/\/www.alfredboivin.com\/wordpress\/index.php\/home\/"},{"@type":"ListItem","position":2,"name":"Entreprises Alfred Boivin"}]},{"@type":"WebSite","@id":"https:\/\/www.alfredboivin.com\/wordpress\/#website","url":"https:\/\/www.alfredboivin.com\/wordpress\/","name":"Groupe Alfred Boivin","description":"B\u00e2tir l&#039;avenir autrement!","publisher":{"@id":"https:\/\/www.alfredboivin.com\/wordpress\/#organization"},"potentialAction":[{"@type":"SearchAction","target":{"@type":"EntryPoint","urlTemplate":"https:\/\/www.alfredboivin.com\/wordpress\/?s={search_term_string}"},"query-input":{"@type":"PropertyValueSpecification","valueRequired":true,"valueName":"search_term_string"}}],"inLanguage":"fr-FR"},{"@type":"Organization","@id":"https:\/\/www.alfredboivin.com\/wordpress\/#organization","name":"Groupe Alfred Boivin","url":"https:\/\/www.alfredboivin.com\/wordpress\/","logo":{"@type":"ImageObject","inLanguage":"fr-FR","@id":"https:\/\/www.alfredboivin.com\/wordpress\/#\/schema\/logo\/image\/","url":"https:\/\/www.alfredboivin.com\/wordpress\/wp-content\/uploads\/2018\/09\/Groupe-Alfred-Boivin.png","contentUrl":"https:\/\/www.alfredboivin.com\/wordpress\/wp-content\/uploads\/2018\/09\/Groupe-Alfred-Boivin.png","width":500,"height":350,"caption":"Groupe Alfred Boivin"},"image":{"@id":"https:\/\/www.alfredboivin.com\/wordpress\/#\/schema\/logo\/image\/"},"sameAs":["https:\/\/www.facebook.com\/groupealfredboivin","https:\/\/www.instagram.com\/groupealfredboivin\/"],"description":"Le Groupe Alfred Boivin se sp\u00e9cialise dans la location de bennes, le transport en tout genres, le g\u00e9nie civil, la gestion de parc \u00e0 r\u00e9sidus miniers ainsi que la r\u00e9cup\u00e9ration de m\u00e9taux partout au Saguenay\u2013Lac-St-Jean.","email":"eab@alfredboivin.com","foundingDate":"194701-01-01","numberOfEmployees":{"@type":"QuantitativeValue","minValue":"201","maxValue":"500"}}]}},"_links":{"self":[{"href":"https:\/\/www.alfredboivin.com\/wordpress\/index.php\/wp-json\/wp\/v2\/pages\/249","targetHints":{"allow":["GET"]}}],"collection":[{"href":"https:\/\/www.alfredboivin.com\/wordpress\/index.php\/wp-json\/wp\/v2\/pages"}],"about":[{"href":"https:\/\/www.alfredboivin.com\/wordpress\/index.php\/wp-json\/wp\/v2\/types\/page"}],"author":[{"embeddable":true,"href":"https:\/\/www.alfredboivin.com\/wordpress\/index.php\/wp-json\/wp\/v2\/users\/1"}],"replies":[{"embeddable":true,"href":"https:\/\/www.alfredboivin.com\/wordpress\/index.php\/wp-json\/wp\/v2\/comments?post=249"}],"version-history":[{"count":30,"href":"https:\/\/www.alfredboivin.com\/wordpress\/index.php\/wp-json\/wp\/v2\/pages\/249\/revisions"}],"predecessor-version":[{"id":8017,"href":"https:\/\/www.alfredboivin.com\/wordpress\/index.php\/wp-json\/wp\/v2\/pages\/249\/revisions\/8017"}],"wp:attachment":[{"href":"https:\/\/www.alfredboivin.com\/wordpress\/index.php\/wp-json\/wp\/v2\/media?parent=249"}],"curies":[{"name":"wp","href":"https:\/\/api.w.org\/{rel}","templated":true}]}}