{"id":140,"date":"2015-10-22T15:32:14","date_gmt":"2015-10-22T15:32:14","guid":{"rendered":"http:\/\/test.kriesi.at\/construction\/?page_id=140"},"modified":"2018-10-09T15:03:44","modified_gmt":"2018-10-09T19:03:44","slug":"dynamitageforageboivin","status":"publish","type":"page","link":"https:\/\/www.alfredboivin.com\/wordpress\/index.php\/entreprisesalfredboivin\/dynamitageforageboivin\/","title":{"rendered":"Dynamitage Forage Boivin"},"content":{"rendered":"<\/div><\/div><\/div><!-- close content main div --><\/div><\/div><div id='full_slider_1' class='avia-fullwidth-slider main_color avia-shadow   container_wrap sidebar_right'   ><div  data-size='featured_large'  data-lightbox_size='large'  data-animation='slide'  data-conditional_play=''  data-ids='530,902'  data-video_counter='0'  data-autoplay='true'  data-bg_slider='false'  data-slide_height=''  data-handle='av_slideshow_full'  data-interval='5'  data-class=' '  data-css_id=''  data-scroll_down=''  data-control_layout='av-control-default'  data-custom_markup=''  data-perma_caption=''  data-autoplay_stopper=''  data-image_attachment=''  data-min_height='0px'  data-src=''  data-position='top left'  data-repeat='no-repeat'  data-attach='scroll'  data-stretch=''  data-default-height='42'  class='avia-slideshow avia-slideshow-1  av-control-default av-default-height-applied avia-slideshow-featured_large av_slideshow_full   avia-slide-slider '  itemprop=\"ImageObject\" itemscope=\"itemscope\" itemtype=\"https:\/\/schema.org\/ImageObject\" ><ul class='avia-slideshow-inner ' style='padding-bottom: 42%;' ><li  class=' slide-1 ' ><div data-rel='slideshow-1' class='avia-slide-wrap '   ><img src='https:\/\/www.alfredboivin.com\/wordpress\/wp-content\/uploads\/2018\/09\/DFB1-1500x630.jpg' width='1500' height='630' title='' alt=''  itemprop=\"thumbnailUrl\"   \/><\/div><\/li><li  class=' slide-2 ' ><div data-rel='slideshow-1' class='avia-slide-wrap '   ><img src='https:\/\/www.alfredboivin.com\/wordpress\/wp-content\/uploads\/2018\/10\/DFB5-1500x630.jpg' width='1500' height='630' title='DFB5' alt=''  itemprop=\"thumbnailUrl\"   \/><\/div><\/li><\/ul><div class='avia-slideshow-arrows avia-slideshow-controls'><a href='#prev' class='prev-slide' aria-hidden='true' data-av_icon='\ue87c' data-av_iconfont='entypo-fontello'>Pr\u00e9c\u00e9dent<\/a><a href='#next' class='next-slide' aria-hidden='true' data-av_icon='\ue87d' data-av_iconfont='entypo-fontello'>Suivant<\/a><\/div><div class='avia-slideshow-dots avia-slideshow-controls'><a href='#1' class='goto-slide active' >1<\/a><a href='#2' class='goto-slide ' >2<\/a><\/div><\/div><\/div>\n<div class=\"flex_column av_one_full  av-animated-generic bottom-to-top  flex_column_div av-zero-column-padding first  \" style='margin-top:0px; margin-bottom:0px; border-radius:0px; '><p><div style='padding-bottom:0px; ' class='av-special-heading av-special-heading-h2  blockquote modern-quote modern-centered   '><h2 class='av-special-heading-tag '  itemprop=\"headline\"  >Dynamitage Forage Boivin<\/h2><div class='special-heading-border'><div class='special-heading-inner-border' ><\/div><\/div><\/div><br \/>\n<div style=' margin-top:10px; margin-bottom:10px;'  class='hr hr-custom hr-center hr-icon-no  '><span class='hr-inner   inner-border-av-border-fat' style=' width:50px; border-color:#af0000;' ><span class='hr-inner-style'><\/span><\/span><\/div><\/p><\/div>\n<div class=\"flex_column av_one_half  av-animated-generic bottom-to-top  flex_column_div av-zero-column-padding first  \" style='margin-top:0px; margin-bottom:0px; border-radius:0px; '><section class=\"av_textblock_section \"  itemscope=\"itemscope\" itemtype=\"https:\/\/schema.org\/CreativeWork\" ><div class='avia_textblock  '   itemprop=\"text\" ><p style=\"text-align: justify;\">Dynamitage Forage Boivin est une entreprise qui se sp\u00e9cialise dans toutes les sph\u00e8res d\u2019activit\u00e9s reli\u00e9es au domaine du forage et du dynamitage de pr\u00e9cision. En affaires depuis plus de 25 ans, la filiale Dynamitage et Forage Boivin affili\u00e9e au Groupe Alfred Boivin, op\u00e8re \u00e0 partir de ses bureaux localis\u00e9s sur la rue de la Fonderie \u00e0 Chicoutimi dans la r\u00e9gion du Saguenay, o\u00f9 son \u00e9quipe travaille pour vous chers clients, afin de vous offrir des produits et services de grande qualit\u00e9.<\/p>\n<\/div><\/section><br \/>\n<div style='padding-bottom:0px; ' class='av-special-heading av-special-heading-h3  blockquote modern-quote modern-centered  '><h3 class='av-special-heading-tag '  itemprop=\"headline\"  >Nos Services<\/h3><div class='special-heading-border'><div class='special-heading-inner-border' ><\/div><\/div><\/div><br \/>\n<div style=' margin-top:5px; margin-bottom:35px;'  class='hr hr-custom hr-center hr-icon-no  '><span class='hr-inner   inner-border-av-border-fat' style=' width:50px; border-color:#af0000;' ><span class='hr-inner-style'><\/span><\/span><\/div><br \/>\n<section class=\"av_textblock_section \"  itemscope=\"itemscope\" itemtype=\"https:\/\/schema.org\/CreativeWork\" ><div class='avia_textblock  '   itemprop=\"text\" ><ul>\n<li>Travaux urbains;<\/li>\n<li>Dynamitage de routes et de b\u00e2timents;<\/li>\n<li>Stationnements;<\/li>\n<li>Parois rocheuses,<\/li>\n<li>\u00c9gouts et aqueducs;<\/li>\n<li>Travaux de carri\u00e8re (concassage de pierre, pr\u00e9paration de mines \u00e0 ciel ouvert ou ferm\u00e9, entretien de carri\u00e8res, etc.)<\/li>\n<li>Activit\u00e9s de pr\u00e9paration de d\u00e9veloppement domiciliaire.<\/li>\n<\/ul>\n<\/div><\/section><\/p><\/div>\n<div class=\"flex_column av_one_half  av-animated-generic bottom-to-top  flex_column_div av-zero-column-padding   \" style='margin-top:0px; margin-bottom:0px; border-radius:0px; '><div class='avia-image-container  av-styling-no-styling    avia-align-center '  itemprop=\"ImageObject\" itemscope=\"itemscope\" itemtype=\"https:\/\/schema.org\/ImageObject\"  ><div class='avia-image-container-inner'><div class='avia-image-overlay-wrap'><img class='avia_image ' src='https:\/\/www.alfredboivin.com\/wordpress\/wp-content\/uploads\/2018\/09\/DFB3.jpg' alt='' title='' height=\"720\"width=\"960\"  itemprop=\"thumbnailUrl\"  \/><\/div><\/div><\/div><\/div>\n<div class=\"flex_column av_one_full  av-animated-generic bottom-to-top  flex_column_div first  \" style='background: #fcfcfc; padding:20px; background-color:#fcfcfc; border-radius:0px; '><section class=\"av_textblock_section \"  itemscope=\"itemscope\" itemtype=\"https:\/\/schema.org\/CreativeWork\" ><div class='avia_textblock  '   itemprop=\"text\" ><p style=\"text-align: justify;\">Dynamitage Forage Boivin dispose d\u2019une \u00e9quipe de sp\u00e9cialistes d\u2019exp\u00e9rience! Notre ma\u00eetrise du dynamitage et du forage nous permet de r\u00e9aliser vos projets avec brio et de mani\u00e8re s\u00e9curitaire. Chez Dynamitage et Forage Boivin, chaque projet est effectu\u00e9 avec la plus grande pr\u00e9caution et ce, tout en respectant les normes environnementales, de s\u00e9curit\u00e9 et de vibration. Notre parc d\u2019\u00e9quipements adapt\u00e9s et modernes nous permet d\u2019\u00eatre flexibles et innovateurs dans la r\u00e9alisation de nos travaux et vise \u00e0 diminuer les co\u00fbts de production de nos clients.<\/p>\n<p style=\"text-align: justify;\">Que ce soit pour des travaux urbains ou du dynamitage de:<\/p>\n<ul>\n<li>routes;<\/li>\n<li>b\u00e2timents;<\/li>\n<li>barrages;<\/li>\n<li>stationnements;<\/li>\n<li>parois rocheuse;<\/li>\n<li>\u00e9gouts et aqueducs;<\/li>\n<li>travaux de carri\u00e8res (concassage de pierre, pr\u00e9paration de mine \u00e0 ciel ouvert et ferm\u00e9, entretien de carri\u00e8res, etc.);<\/li>\n<li>ou encore en lien avec des activit\u00e9s de d\u00e9veloppement domiciliaire;<\/li>\n<\/ul>\n<p>Dynamitage Forage Boivin est le sp\u00e9cialiste dans ce domaine.<\/p>\n<\/div><\/section><\/div>\n","protected":false},"excerpt":{"rendered":"","protected":false},"author":1,"featured_media":0,"parent":249,"menu_order":0,"comment_status":"closed","ping_status":"closed","template":"","meta":{"_exactmetrics_skip_tracking":false,"_exactmetrics_sitenote_active":false,"_exactmetrics_sitenote_note":"","_exactmetrics_sitenote_category":0,"footnotes":""},"class_list":["post-140","page","type-page","status-publish","hentry"],"yoast_head":"<!-- This site is optimized with the Yoast SEO Premium plugin v26.8 (Yoast SEO v26.8) - https:\/\/yoast.com\/product\/yoast-seo-premium-wordpress\/ -->\n<title>Dynamitage Forage Boivin - Groupe Alfred Boivin<\/title>\n<meta name=\"description\" content=\"Sp\u00e9cilaiste du dynamitage et du forage, cette filiale du Groupe Alfred Boivin saura r\u00e9aliser vos projets avec brio, efficacit\u00e9 et s\u00e9curit\u00e9!\" \/>\n<meta name=\"robots\" content=\"index, follow, max-snippet:-1, max-image-preview:large, max-video-preview:-1\" \/>\n<link rel=\"canonical\" href=\"https:\/\/www.alfredboivin.com\/wordpress\/index.php\/entreprisesalfredboivin\/dynamitageforageboivin\/\" \/>\n<meta property=\"og:locale\" content=\"fr_FR\" \/>\n<meta property=\"og:type\" content=\"article\" \/>\n<meta property=\"og:title\" content=\"Dynamitage Forage Boivin\" \/>\n<meta property=\"og:description\" content=\"Sp\u00e9cilaiste du dynamitage et du forage, cette filiale du Groupe Alfred Boivin saura r\u00e9aliser vos projets avec brio, efficacit\u00e9 et s\u00e9curit\u00e9!\" \/>\n<meta property=\"og:url\" content=\"https:\/\/www.alfredboivin.com\/wordpress\/index.php\/entreprisesalfredboivin\/dynamitageforageboivin\/\" \/>\n<meta property=\"og:site_name\" content=\"Groupe Alfred Boivin\" \/>\n<meta property=\"article:publisher\" content=\"https:\/\/www.facebook.com\/groupealfredboivin\" \/>\n<meta property=\"article:modified_time\" content=\"2018-10-09T19:03:44+00:00\" \/>\n<meta name=\"twitter:card\" content=\"summary_large_image\" \/>\n<meta name=\"twitter:label1\" content=\"Dur\u00e9e de lecture estim\u00e9e\" \/>\n\t<meta name=\"twitter:data1\" content=\"6 minutes\" \/>\n<script type=\"application\/ld+json\" class=\"yoast-schema-graph\">{\"@context\":\"https:\/\/schema.org\",\"@graph\":[{\"@type\":\"WebPage\",\"@id\":\"https:\/\/www.alfredboivin.com\/wordpress\/index.php\/entreprisesalfredboivin\/dynamitageforageboivin\/\",\"url\":\"https:\/\/www.alfredboivin.com\/wordpress\/index.php\/entreprisesalfredboivin\/dynamitageforageboivin\/\",\"name\":\"Dynamitage Forage Boivin - Groupe Alfred Boivin\",\"isPartOf\":{\"@id\":\"https:\/\/www.alfredboivin.com\/wordpress\/#website\"},\"datePublished\":\"2015-10-22T15:32:14+00:00\",\"dateModified\":\"2018-10-09T19:03:44+00:00\",\"description\":\"Sp\u00e9cilaiste du dynamitage et du forage, cette filiale du Groupe Alfred Boivin saura r\u00e9aliser vos projets avec brio, efficacit\u00e9 et s\u00e9curit\u00e9!\",\"breadcrumb\":{\"@id\":\"https:\/\/www.alfredboivin.com\/wordpress\/index.php\/entreprisesalfredboivin\/dynamitageforageboivin\/#breadcrumb\"},\"inLanguage\":\"fr-FR\",\"potentialAction\":[{\"@type\":\"ReadAction\",\"target\":[\"https:\/\/www.alfredboivin.com\/wordpress\/index.php\/entreprisesalfredboivin\/dynamitageforageboivin\/\"]}]},{\"@type\":\"BreadcrumbList\",\"@id\":\"https:\/\/www.alfredboivin.com\/wordpress\/index.php\/entreprisesalfredboivin\/dynamitageforageboivin\/#breadcrumb\",\"itemListElement\":[{\"@type\":\"ListItem\",\"position\":1,\"name\":\"Accueil\",\"item\":\"https:\/\/www.alfredboivin.com\/wordpress\/index.php\/home\/\"},{\"@type\":\"ListItem\",\"position\":2,\"name\":\"Entreprises Alfred Boivin\",\"item\":\"https:\/\/www.alfredboivin.com\/wordpress\/index.php\/entreprisesalfredboivin\/\"},{\"@type\":\"ListItem\",\"position\":3,\"name\":\"Dynamitage Forage Boivin\"}]},{\"@type\":\"WebSite\",\"@id\":\"https:\/\/www.alfredboivin.com\/wordpress\/#website\",\"url\":\"https:\/\/www.alfredboivin.com\/wordpress\/\",\"name\":\"Groupe Alfred Boivin\",\"description\":\"B\u00e2tir l&#039;avenir autrement!\",\"publisher\":{\"@id\":\"https:\/\/www.alfredboivin.com\/wordpress\/#organization\"},\"potentialAction\":[{\"@type\":\"SearchAction\",\"target\":{\"@type\":\"EntryPoint\",\"urlTemplate\":\"https:\/\/www.alfredboivin.com\/wordpress\/?s={search_term_string}\"},\"query-input\":{\"@type\":\"PropertyValueSpecification\",\"valueRequired\":true,\"valueName\":\"search_term_string\"}}],\"inLanguage\":\"fr-FR\"},{\"@type\":\"Organization\",\"@id\":\"https:\/\/www.alfredboivin.com\/wordpress\/#organization\",\"name\":\"Groupe Alfred Boivin\",\"url\":\"https:\/\/www.alfredboivin.com\/wordpress\/\",\"logo\":{\"@type\":\"ImageObject\",\"inLanguage\":\"fr-FR\",\"@id\":\"https:\/\/www.alfredboivin.com\/wordpress\/#\/schema\/logo\/image\/\",\"url\":\"https:\/\/www.alfredboivin.com\/wordpress\/wp-content\/uploads\/2018\/09\/Groupe-Alfred-Boivin.png\",\"contentUrl\":\"https:\/\/www.alfredboivin.com\/wordpress\/wp-content\/uploads\/2018\/09\/Groupe-Alfred-Boivin.png\",\"width\":500,\"height\":350,\"caption\":\"Groupe Alfred Boivin\"},\"image\":{\"@id\":\"https:\/\/www.alfredboivin.com\/wordpress\/#\/schema\/logo\/image\/\"},\"sameAs\":[\"https:\/\/www.facebook.com\/groupealfredboivin\",\"https:\/\/www.instagram.com\/groupealfredboivin\/\"],\"description\":\"Le Groupe Alfred Boivin se sp\u00e9cialise dans la location de bennes, le transport en tout genres, le g\u00e9nie civil, la gestion de parc \u00e0 r\u00e9sidus miniers ainsi que la r\u00e9cup\u00e9ration de m\u00e9taux partout au Saguenay\u2013Lac-St-Jean.\",\"email\":\"eab@alfredboivin.com\",\"foundingDate\":\"194701-01-01\",\"numberOfEmployees\":{\"@type\":\"QuantitativeValue\",\"minValue\":\"201\",\"maxValue\":\"500\"}}]}<\/script>\n<!-- \/ Yoast SEO Premium plugin. -->","yoast_head_json":{"title":"Dynamitage Forage Boivin - Groupe Alfred Boivin","description":"Sp\u00e9cilaiste du dynamitage et du forage, cette filiale du Groupe Alfred Boivin saura r\u00e9aliser vos projets avec brio, efficacit\u00e9 et s\u00e9curit\u00e9!","robots":{"index":"index","follow":"follow","max-snippet":"max-snippet:-1","max-image-preview":"max-image-preview:large","max-video-preview":"max-video-preview:-1"},"canonical":"https:\/\/www.alfredboivin.com\/wordpress\/index.php\/entreprisesalfredboivin\/dynamitageforageboivin\/","og_locale":"fr_FR","og_type":"article","og_title":"Dynamitage Forage Boivin","og_description":"Sp\u00e9cilaiste du dynamitage et du forage, cette filiale du Groupe Alfred Boivin saura r\u00e9aliser vos projets avec brio, efficacit\u00e9 et s\u00e9curit\u00e9!","og_url":"https:\/\/www.alfredboivin.com\/wordpress\/index.php\/entreprisesalfredboivin\/dynamitageforageboivin\/","og_site_name":"Groupe Alfred Boivin","article_publisher":"https:\/\/www.facebook.com\/groupealfredboivin","article_modified_time":"2018-10-09T19:03:44+00:00","twitter_card":"summary_large_image","twitter_misc":{"Dur\u00e9e de lecture estim\u00e9e":"6 minutes"},"schema":{"@context":"https:\/\/schema.org","@graph":[{"@type":"WebPage","@id":"https:\/\/www.alfredboivin.com\/wordpress\/index.php\/entreprisesalfredboivin\/dynamitageforageboivin\/","url":"https:\/\/www.alfredboivin.com\/wordpress\/index.php\/entreprisesalfredboivin\/dynamitageforageboivin\/","name":"Dynamitage Forage Boivin - Groupe Alfred Boivin","isPartOf":{"@id":"https:\/\/www.alfredboivin.com\/wordpress\/#website"},"datePublished":"2015-10-22T15:32:14+00:00","dateModified":"2018-10-09T19:03:44+00:00","description":"Sp\u00e9cilaiste du dynamitage et du forage, cette filiale du Groupe Alfred Boivin saura r\u00e9aliser vos projets avec brio, efficacit\u00e9 et s\u00e9curit\u00e9!","breadcrumb":{"@id":"https:\/\/www.alfredboivin.com\/wordpress\/index.php\/entreprisesalfredboivin\/dynamitageforageboivin\/#breadcrumb"},"inLanguage":"fr-FR","potentialAction":[{"@type":"ReadAction","target":["https:\/\/www.alfredboivin.com\/wordpress\/index.php\/entreprisesalfredboivin\/dynamitageforageboivin\/"]}]},{"@type":"BreadcrumbList","@id":"https:\/\/www.alfredboivin.com\/wordpress\/index.php\/entreprisesalfredboivin\/dynamitageforageboivin\/#breadcrumb","itemListElement":[{"@type":"ListItem","position":1,"name":"Accueil","item":"https:\/\/www.alfredboivin.com\/wordpress\/index.php\/home\/"},{"@type":"ListItem","position":2,"name":"Entreprises Alfred Boivin","item":"https:\/\/www.alfredboivin.com\/wordpress\/index.php\/entreprisesalfredboivin\/"},{"@type":"ListItem","position":3,"name":"Dynamitage Forage Boivin"}]},{"@type":"WebSite","@id":"https:\/\/www.alfredboivin.com\/wordpress\/#website","url":"https:\/\/www.alfredboivin.com\/wordpress\/","name":"Groupe Alfred Boivin","description":"B\u00e2tir l&#039;avenir autrement!","publisher":{"@id":"https:\/\/www.alfredboivin.com\/wordpress\/#organization"},"potentialAction":[{"@type":"SearchAction","target":{"@type":"EntryPoint","urlTemplate":"https:\/\/www.alfredboivin.com\/wordpress\/?s={search_term_string}"},"query-input":{"@type":"PropertyValueSpecification","valueRequired":true,"valueName":"search_term_string"}}],"inLanguage":"fr-FR"},{"@type":"Organization","@id":"https:\/\/www.alfredboivin.com\/wordpress\/#organization","name":"Groupe Alfred Boivin","url":"https:\/\/www.alfredboivin.com\/wordpress\/","logo":{"@type":"ImageObject","inLanguage":"fr-FR","@id":"https:\/\/www.alfredboivin.com\/wordpress\/#\/schema\/logo\/image\/","url":"https:\/\/www.alfredboivin.com\/wordpress\/wp-content\/uploads\/2018\/09\/Groupe-Alfred-Boivin.png","contentUrl":"https:\/\/www.alfredboivin.com\/wordpress\/wp-content\/uploads\/2018\/09\/Groupe-Alfred-Boivin.png","width":500,"height":350,"caption":"Groupe Alfred Boivin"},"image":{"@id":"https:\/\/www.alfredboivin.com\/wordpress\/#\/schema\/logo\/image\/"},"sameAs":["https:\/\/www.facebook.com\/groupealfredboivin","https:\/\/www.instagram.com\/groupealfredboivin\/"],"description":"Le Groupe Alfred Boivin se sp\u00e9cialise dans la location de bennes, le transport en tout genres, le g\u00e9nie civil, la gestion de parc \u00e0 r\u00e9sidus miniers ainsi que la r\u00e9cup\u00e9ration de m\u00e9taux partout au Saguenay\u2013Lac-St-Jean.","email":"eab@alfredboivin.com","foundingDate":"194701-01-01","numberOfEmployees":{"@type":"QuantitativeValue","minValue":"201","maxValue":"500"}}]}},"_links":{"self":[{"href":"https:\/\/www.alfredboivin.com\/wordpress\/index.php\/wp-json\/wp\/v2\/pages\/140","targetHints":{"allow":["GET"]}}],"collection":[{"href":"https:\/\/www.alfredboivin.com\/wordpress\/index.php\/wp-json\/wp\/v2\/pages"}],"about":[{"href":"https:\/\/www.alfredboivin.com\/wordpress\/index.php\/wp-json\/wp\/v2\/types\/page"}],"author":[{"embeddable":true,"href":"https:\/\/www.alfredboivin.com\/wordpress\/index.php\/wp-json\/wp\/v2\/users\/1"}],"replies":[{"embeddable":true,"href":"https:\/\/www.alfredboivin.com\/wordpress\/index.php\/wp-json\/wp\/v2\/comments?post=140"}],"version-history":[{"count":12,"href":"https:\/\/www.alfredboivin.com\/wordpress\/index.php\/wp-json\/wp\/v2\/pages\/140\/revisions"}],"predecessor-version":[{"id":904,"href":"https:\/\/www.alfredboivin.com\/wordpress\/index.php\/wp-json\/wp\/v2\/pages\/140\/revisions\/904"}],"up":[{"embeddable":true,"href":"https:\/\/www.alfredboivin.com\/wordpress\/index.php\/wp-json\/wp\/v2\/pages\/249"}],"wp:attachment":[{"href":"https:\/\/www.alfredboivin.com\/wordpress\/index.php\/wp-json\/wp\/v2\/media?parent=140"}],"curies":[{"name":"wp","href":"https:\/\/api.w.org\/{rel}","templated":true}]}}